{"id":52,"date":"2021-04-05T09:22:35","date_gmt":"2021-04-05T09:22:35","guid":{"rendered":"https:\/\/xn--prfstelle-varel-0vb.de\/?page_id=52"},"modified":"2021-04-05T11:55:56","modified_gmt":"2021-04-05T11:55:56","slug":"impressum","status":"publish","type":"page","link":"https:\/\/xn--prfstelle-varel-0vb.de\/?page_id=52","title":{"rendered":"Impressum"},"content":{"rendered":"\n<p><strong>Ing.-B\u00fcro Reelf Gerdes<\/strong><br>Gewerbegebiet Winkelsheide<br>Emil-Heeder-Str. 22<br>26316 Varel<br>Tel.: 04451 \/ 957 110<br>Mobil: 0171 \/ 92 32 600<br>Mail: info[at]gerdes24.de<\/p>\n\n\n\n<p>USt-Id.Nr. DE 155657741<\/p>\n\n\n\n<p>Vertretungsberechtigt: Dipl.-Ing. Reelf Gerdes<br>Inhaltlich verantwortlich: Dipl.-Ing. Reelf Gerdes<\/p>\n\n\n\n<p class=\"has-small-font-size\">Die auf dieser Seite bereitgestellten Informationen wurden sorgf\u00e4ltig gepr\u00fcft und werden regelm\u00e4\u00dfig aktualisiert. Es kann jedoch keine Garantie daf\u00fcr \u00fcbernommen werden, dass alle Angaben zu jeder Zeit vollst\u00e4ndig und richtig dargestellt sind.<\/p>\n\n\n\n<p class=\"has-small-font-size\">Haftungshinweis: Mit Urteil vom 12. Mai 1998 hat das Landgericht Hamburg entschieden, dass man durch die Anbringung eines Links die Inhalte der gelinkten Seite ggf. mit zu verantworten hat. Dies kann &#8211; so das LG &#8211; nur dadurch verhindert werden, dass man sich ausdr\u00fccklich von diesen Inhalten distanziert. Daher gilt f\u00fcr all diese Links: Wir m\u00f6chten ausdr\u00fccklich betonen, dass wir keinerlei Einfluss auf die Gestaltung und die Inhalte der verlinkten Seiten haben. Deshalb distanzieren wir uns hiermit ausdr\u00fccklich von allen Inhalten.<\/p>\n\n\n\n<p class=\"has-small-font-size\">Sollte Inhalt oder Form dieses Webauftrittes Rechte Dritter oder gesetzliche Bestimmungen verletzen, so war dies auf keinen Fall beabsichtigt und zum Zeitpunkt der Erstellung der Seite trotz Kontrolle und Recherche nicht bekannt. Ich fordere jeden Kenntnisnehmenden dazu auf, mir eine entsprechende Mitteilung ohne Kostennote zukommen zu lassen. Ich sichere bereits jetzt die Entfernung\/\u00c4nderung der beanstandeten Passagen ohne schuldhaftes Z\u00f6gern in angemessener Zeit zu, ohne dass ein Eingreifen von anwaltlicher Seite erforderlich ist.<\/p>\n","protected":false},"excerpt":{"rendered":"<p>Ing.-B\u00fcro Reelf GerdesGewerbegebiet WinkelsheideEmil-Heeder-Str. 2226316 VarelTel.: 04451 \/ 957 110Mobil: 0171 \/ 92 32 600Mail: info[at]gerdes24.de USt-Id.Nr. DE 155657741 Vertretungsberechtigt: Dipl.-Ing. Reelf GerdesInhaltlich verantwortlich: Dipl.-Ing. Reelf Gerdes Die auf dieser Seite bereitgestellten Informationen wurden sorgf\u00e4ltig gepr\u00fcft und werden regelm\u00e4\u00dfig aktualisiert. Es kann jedoch keine Garantie daf\u00fcr \u00fcbernommen werden, dass alle Angaben zu jeder Zeit vollst\u00e4ndig [&hellip;]<\/p>\n","protected":false},"author":1,"featured_media":0,"parent":0,"menu_order":0,"comment_status":"closed","ping_status":"closed","template":"","meta":{"footnotes":""},"class_list":["post-52","page","type-page","status-publish","hentry"],"yoast_head":"<!-- This site is optimized with the Yoast SEO plugin v26.8 - https:\/\/yoast.com\/product\/yoast-seo-wordpress\/ -->\n<title>Impressum - GT\u00dc Kfz-Pr\u00fcfstelle, Ing.-B\u00fcro Reelf Gerdes<\/title>\n<meta name=\"description\" content=\"Hauptuntersuchungen (HU) mit integrierter Abgasuntersuchung (UMA) gem. \u00a7 29 StVZO, Anbaupr\u00fcfungen\/\u00c4nderungsabnahmen gem. \u00a7 19(3) StVZO, Gaspr\u00fcfungen (GWP), Oldtimer-Gutachten gem. \u00a7 23 StVZO (H-Kennzeichen), BOKraft-Pr\u00fcfungen f\u00fcr Taxen, Feinstaubplaketten (Schadstoffplaketten); Varel, Bockhorn, Zetel, Friesland\" \/>\n<meta name=\"robots\" content=\"index, follow, max-snippet:-1, max-image-preview:large, max-video-preview:-1\" \/>\n<link rel=\"canonical\" href=\"https:\/\/xn--prfstelle-varel-0vb.de\/?page_id=52\" \/>\n<meta property=\"og:locale\" content=\"de_DE\" \/>\n<meta property=\"og:type\" content=\"article\" \/>\n<meta property=\"og:title\" content=\"Impressum - GT\u00dc Kfz-Pr\u00fcfstelle, Ing.-B\u00fcro Reelf Gerdes\" \/>\n<meta property=\"og:description\" content=\"Hauptuntersuchungen (HU) mit integrierter Abgasuntersuchung (UMA) gem. \u00a7 29 StVZO, Anbaupr\u00fcfungen\/\u00c4nderungsabnahmen gem. \u00a7 19(3) StVZO, Gaspr\u00fcfungen (GWP), Oldtimer-Gutachten gem. \u00a7 23 StVZO (H-Kennzeichen), BOKraft-Pr\u00fcfungen f\u00fcr Taxen, Feinstaubplaketten (Schadstoffplaketten); Varel, Bockhorn, Zetel, Friesland\" \/>\n<meta property=\"og:url\" content=\"https:\/\/xn--prfstelle-varel-0vb.de\/?page_id=52\" \/>\n<meta property=\"og:site_name\" content=\"GT\u00dc Kfz-Pr\u00fcfstelle, Ing.-B\u00fcro Reelf Gerdes\" \/>\n<meta property=\"article:modified_time\" content=\"2021-04-05T11:55:56+00:00\" \/>\n<meta name=\"twitter:card\" content=\"summary_large_image\" \/>\n<meta name=\"twitter:label1\" content=\"Gesch\u00e4tzte Lesezeit\" \/>\n\t<meta name=\"twitter:data1\" content=\"1\u00a0Minute\" \/>\n<script type=\"application\/ld+json\" class=\"yoast-schema-graph\">{\"@context\":\"https:\/\/schema.org\",\"@graph\":[{\"@type\":\"WebPage\",\"@id\":\"https:\/\/xn--prfstelle-varel-0vb.de\/?page_id=52\",\"url\":\"https:\/\/xn--prfstelle-varel-0vb.de\/?page_id=52\",\"name\":\"Impressum - GT\u00dc Kfz-Pr\u00fcfstelle, Ing.-B\u00fcro Reelf Gerdes\",\"isPartOf\":{\"@id\":\"https:\/\/xn--prfstelle-varel-0vb.de\/#website\"},\"datePublished\":\"2021-04-05T09:22:35+00:00\",\"dateModified\":\"2021-04-05T11:55:56+00:00\",\"description\":\"Hauptuntersuchungen (HU) mit integrierter Abgasuntersuchung (UMA) gem. \u00a7 29 StVZO, Anbaupr\u00fcfungen\/\u00c4nderungsabnahmen gem. \u00a7 19(3) StVZO, Gaspr\u00fcfungen (GWP), Oldtimer-Gutachten gem. \u00a7 23 StVZO (H-Kennzeichen), BOKraft-Pr\u00fcfungen f\u00fcr Taxen, Feinstaubplaketten (Schadstoffplaketten); Varel, Bockhorn, Zetel, Friesland\",\"breadcrumb\":{\"@id\":\"https:\/\/xn--prfstelle-varel-0vb.de\/?page_id=52#breadcrumb\"},\"inLanguage\":\"de\",\"potentialAction\":[{\"@type\":\"ReadAction\",\"target\":[\"https:\/\/xn--prfstelle-varel-0vb.de\/?page_id=52\"]}]},{\"@type\":\"BreadcrumbList\",\"@id\":\"https:\/\/xn--prfstelle-varel-0vb.de\/?page_id=52#breadcrumb\",\"itemListElement\":[{\"@type\":\"ListItem\",\"position\":1,\"name\":\"Startseite\",\"item\":\"https:\/\/xn--prfstelle-varel-0vb.de\/\"},{\"@type\":\"ListItem\",\"position\":2,\"name\":\"Impressum\"}]},{\"@type\":\"WebSite\",\"@id\":\"https:\/\/xn--prfstelle-varel-0vb.de\/#website\",\"url\":\"https:\/\/xn--prfstelle-varel-0vb.de\/\",\"name\":\"GT\u00dc Kfz-Pr\u00fcfstelle, Ing.-B\u00fcro Reelf Gerdes\",\"description\":\"EINFACH und SICHER zur neuen Plakette!\",\"publisher\":{\"@id\":\"https:\/\/xn--prfstelle-varel-0vb.de\/#organization\"},\"potentialAction\":[{\"@type\":\"SearchAction\",\"target\":{\"@type\":\"EntryPoint\",\"urlTemplate\":\"https:\/\/xn--prfstelle-varel-0vb.de\/?s={search_term_string}\"},\"query-input\":{\"@type\":\"PropertyValueSpecification\",\"valueRequired\":true,\"valueName\":\"search_term_string\"}}],\"inLanguage\":\"de\"},{\"@type\":\"Organization\",\"@id\":\"https:\/\/xn--prfstelle-varel-0vb.de\/#organization\",\"name\":\"GT\u00dc Kfz-Pr\u00fcfstelle\",\"url\":\"https:\/\/xn--prfstelle-varel-0vb.de\/\",\"logo\":{\"@type\":\"ImageObject\",\"inLanguage\":\"de\",\"@id\":\"https:\/\/xn--prfstelle-varel-0vb.de\/#\/schema\/logo\/image\/\",\"url\":\"https:\/\/xn--prfstelle-varel-0vb.de\/wp-content\/uploads\/2021\/04\/cropped-cropped-cropped-IMG_20160307_150246-scaled-2-1-e1617613682540.jpg\",\"contentUrl\":\"https:\/\/xn--prfstelle-varel-0vb.de\/wp-content\/uploads\/2021\/04\/cropped-cropped-cropped-IMG_20160307_150246-scaled-2-1-e1617613682540.jpg\",\"width\":1500,\"height\":595,\"caption\":\"GT\u00dc Kfz-Pr\u00fcfstelle\"},\"image\":{\"@id\":\"https:\/\/xn--prfstelle-varel-0vb.de\/#\/schema\/logo\/image\/\"}}]}<\/script>\n<!-- \/ Yoast SEO plugin. -->","yoast_head_json":{"title":"Impressum - GT\u00dc Kfz-Pr\u00fcfstelle, Ing.-B\u00fcro Reelf Gerdes","description":"Hauptuntersuchungen (HU) mit integrierter Abgasuntersuchung (UMA) gem. \u00a7 29 StVZO, Anbaupr\u00fcfungen\/\u00c4nderungsabnahmen gem. \u00a7 19(3) StVZO, Gaspr\u00fcfungen (GWP), Oldtimer-Gutachten gem. \u00a7 23 StVZO (H-Kennzeichen), BOKraft-Pr\u00fcfungen f\u00fcr Taxen, Feinstaubplaketten (Schadstoffplaketten); Varel, Bockhorn, Zetel, Friesland","robots":{"index":"index","follow":"follow","max-snippet":"max-snippet:-1","max-image-preview":"max-image-preview:large","max-video-preview":"max-video-preview:-1"},"canonical":"https:\/\/xn--prfstelle-varel-0vb.de\/?page_id=52","og_locale":"de_DE","og_type":"article","og_title":"Impressum - GT\u00dc Kfz-Pr\u00fcfstelle, Ing.-B\u00fcro Reelf Gerdes","og_description":"Hauptuntersuchungen (HU) mit integrierter Abgasuntersuchung (UMA) gem. \u00a7 29 StVZO, Anbaupr\u00fcfungen\/\u00c4nderungsabnahmen gem. \u00a7 19(3) StVZO, Gaspr\u00fcfungen (GWP), Oldtimer-Gutachten gem. \u00a7 23 StVZO (H-Kennzeichen), BOKraft-Pr\u00fcfungen f\u00fcr Taxen, Feinstaubplaketten (Schadstoffplaketten); Varel, Bockhorn, Zetel, Friesland","og_url":"https:\/\/xn--prfstelle-varel-0vb.de\/?page_id=52","og_site_name":"GT\u00dc Kfz-Pr\u00fcfstelle, Ing.-B\u00fcro Reelf Gerdes","article_modified_time":"2021-04-05T11:55:56+00:00","twitter_card":"summary_large_image","twitter_misc":{"Gesch\u00e4tzte Lesezeit":"1\u00a0Minute"},"schema":{"@context":"https:\/\/schema.org","@graph":[{"@type":"WebPage","@id":"https:\/\/xn--prfstelle-varel-0vb.de\/?page_id=52","url":"https:\/\/xn--prfstelle-varel-0vb.de\/?page_id=52","name":"Impressum - GT\u00dc Kfz-Pr\u00fcfstelle, Ing.-B\u00fcro Reelf Gerdes","isPartOf":{"@id":"https:\/\/xn--prfstelle-varel-0vb.de\/#website"},"datePublished":"2021-04-05T09:22:35+00:00","dateModified":"2021-04-05T11:55:56+00:00","description":"Hauptuntersuchungen (HU) mit integrierter Abgasuntersuchung (UMA) gem. \u00a7 29 StVZO, Anbaupr\u00fcfungen\/\u00c4nderungsabnahmen gem. \u00a7 19(3) StVZO, Gaspr\u00fcfungen (GWP), Oldtimer-Gutachten gem. \u00a7 23 StVZO (H-Kennzeichen), BOKraft-Pr\u00fcfungen f\u00fcr Taxen, Feinstaubplaketten (Schadstoffplaketten); Varel, Bockhorn, Zetel, Friesland","breadcrumb":{"@id":"https:\/\/xn--prfstelle-varel-0vb.de\/?page_id=52#breadcrumb"},"inLanguage":"de","potentialAction":[{"@type":"ReadAction","target":["https:\/\/xn--prfstelle-varel-0vb.de\/?page_id=52"]}]},{"@type":"BreadcrumbList","@id":"https:\/\/xn--prfstelle-varel-0vb.de\/?page_id=52#breadcrumb","itemListElement":[{"@type":"ListItem","position":1,"name":"Startseite","item":"https:\/\/xn--prfstelle-varel-0vb.de\/"},{"@type":"ListItem","position":2,"name":"Impressum"}]},{"@type":"WebSite","@id":"https:\/\/xn--prfstelle-varel-0vb.de\/#website","url":"https:\/\/xn--prfstelle-varel-0vb.de\/","name":"GT\u00dc Kfz-Pr\u00fcfstelle, Ing.-B\u00fcro Reelf Gerdes","description":"EINFACH und SICHER zur neuen Plakette!","publisher":{"@id":"https:\/\/xn--prfstelle-varel-0vb.de\/#organization"},"potentialAction":[{"@type":"SearchAction","target":{"@type":"EntryPoint","urlTemplate":"https:\/\/xn--prfstelle-varel-0vb.de\/?s={search_term_string}"},"query-input":{"@type":"PropertyValueSpecification","valueRequired":true,"valueName":"search_term_string"}}],"inLanguage":"de"},{"@type":"Organization","@id":"https:\/\/xn--prfstelle-varel-0vb.de\/#organization","name":"GT\u00dc Kfz-Pr\u00fcfstelle","url":"https:\/\/xn--prfstelle-varel-0vb.de\/","logo":{"@type":"ImageObject","inLanguage":"de","@id":"https:\/\/xn--prfstelle-varel-0vb.de\/#\/schema\/logo\/image\/","url":"https:\/\/xn--prfstelle-varel-0vb.de\/wp-content\/uploads\/2021\/04\/cropped-cropped-cropped-IMG_20160307_150246-scaled-2-1-e1617613682540.jpg","contentUrl":"https:\/\/xn--prfstelle-varel-0vb.de\/wp-content\/uploads\/2021\/04\/cropped-cropped-cropped-IMG_20160307_150246-scaled-2-1-e1617613682540.jpg","width":1500,"height":595,"caption":"GT\u00dc Kfz-Pr\u00fcfstelle"},"image":{"@id":"https:\/\/xn--prfstelle-varel-0vb.de\/#\/schema\/logo\/image\/"}}]}},"_links":{"self":[{"href":"https:\/\/xn--prfstelle-varel-0vb.de\/index.php?rest_route=\/wp\/v2\/pages\/52","targetHints":{"allow":["GET"]}}],"collection":[{"href":"https:\/\/xn--prfstelle-varel-0vb.de\/index.php?rest_route=\/wp\/v2\/pages"}],"about":[{"href":"https:\/\/xn--prfstelle-varel-0vb.de\/index.php?rest_route=\/wp\/v2\/types\/page"}],"author":[{"embeddable":true,"href":"https:\/\/xn--prfstelle-varel-0vb.de\/index.php?rest_route=\/wp\/v2\/users\/1"}],"replies":[{"embeddable":true,"href":"https:\/\/xn--prfstelle-varel-0vb.de\/index.php?rest_route=%2Fwp%2Fv2%2Fcomments&post=52"}],"version-history":[{"count":5,"href":"https:\/\/xn--prfstelle-varel-0vb.de\/index.php?rest_route=\/wp\/v2\/pages\/52\/revisions"}],"predecessor-version":[{"id":85,"href":"https:\/\/xn--prfstelle-varel-0vb.de\/index.php?rest_route=\/wp\/v2\/pages\/52\/revisions\/85"}],"wp:attachment":[{"href":"https:\/\/xn--prfstelle-varel-0vb.de\/index.php?rest_route=%2Fwp%2Fv2%2Fmedia&parent=52"}],"curies":[{"name":"wp","href":"https:\/\/api.w.org\/{rel}","templated":true}]}}