{"id":33,"date":"2021-04-05T09:11:15","date_gmt":"2021-04-05T09:11:15","guid":{"rendered":"https:\/\/xn--prfstelle-varel-0vb.de\/?page_id=33"},"modified":"2021-04-05T09:11:15","modified_gmt":"2021-04-05T09:11:15","slug":"ing-buero-gerdes","status":"publish","type":"page","link":"https:\/\/xn--prfstelle-varel-0vb.de\/?page_id=33","title":{"rendered":"Ing.-B\u00fcro Gerdes"},"content":{"rendered":"","protected":false},"excerpt":{"rendered":"","protected":false},"author":1,"featured_media":0,"parent":0,"menu_order":0,"comment_status":"closed","ping_status":"closed","template":"","meta":{"footnotes":""},"class_list":["post-33","page","type-page","status-publish","hentry"],"yoast_head":"<!-- This site is optimized with the Yoast SEO plugin v26.8 - https:\/\/yoast.com\/product\/yoast-seo-wordpress\/ -->\n<title>Ing.-B\u00fcro Gerdes - GT\u00dc Kfz-Pr\u00fcfstelle, Ing.-B\u00fcro Reelf Gerdes<\/title>\n<meta name=\"description\" content=\"Hauptuntersuchungen (HU) mit integrierter Abgasuntersuchung (UMA) gem. \u00a7 29 StVZO, Anbaupr\u00fcfungen\/\u00c4nderungsabnahmen gem. \u00a7 19(3) StVZO, Gaspr\u00fcfungen (GWP), Oldtimer-Gutachten gem. \u00a7 23 StVZO (H-Kennzeichen), BOKraft-Pr\u00fcfungen f\u00fcr Taxen, Feinstaubplaketten (Schadstoffplaketten); Varel, Bockhorn, Zetel, Friesland\" \/>\n<meta name=\"robots\" content=\"index, follow, max-snippet:-1, max-image-preview:large, max-video-preview:-1\" \/>\n<link rel=\"canonical\" href=\"https:\/\/xn--prfstelle-varel-0vb.de\/?page_id=33\" \/>\n<meta property=\"og:locale\" content=\"de_DE\" \/>\n<meta property=\"og:type\" content=\"article\" \/>\n<meta property=\"og:title\" content=\"Ing.-B\u00fcro Gerdes - GT\u00dc Kfz-Pr\u00fcfstelle, Ing.-B\u00fcro Reelf Gerdes\" \/>\n<meta property=\"og:description\" content=\"Hauptuntersuchungen (HU) mit integrierter Abgasuntersuchung (UMA) gem. \u00a7 29 StVZO, Anbaupr\u00fcfungen\/\u00c4nderungsabnahmen gem. \u00a7 19(3) StVZO, Gaspr\u00fcfungen (GWP), Oldtimer-Gutachten gem. \u00a7 23 StVZO (H-Kennzeichen), BOKraft-Pr\u00fcfungen f\u00fcr Taxen, Feinstaubplaketten (Schadstoffplaketten); Varel, Bockhorn, Zetel, Friesland\" \/>\n<meta property=\"og:url\" content=\"https:\/\/xn--prfstelle-varel-0vb.de\/?page_id=33\" \/>\n<meta property=\"og:site_name\" content=\"GT\u00dc Kfz-Pr\u00fcfstelle, Ing.-B\u00fcro Reelf Gerdes\" \/>\n<meta name=\"twitter:card\" content=\"summary_large_image\" \/>\n<script type=\"application\/ld+json\" class=\"yoast-schema-graph\">{\"@context\":\"https:\/\/schema.org\",\"@graph\":[{\"@type\":\"WebPage\",\"@id\":\"https:\/\/xn--prfstelle-varel-0vb.de\/?page_id=33\",\"url\":\"https:\/\/xn--prfstelle-varel-0vb.de\/?page_id=33\",\"name\":\"Ing.-B\u00fcro Gerdes - GT\u00dc Kfz-Pr\u00fcfstelle, Ing.-B\u00fcro Reelf Gerdes\",\"isPartOf\":{\"@id\":\"https:\/\/xn--prfstelle-varel-0vb.de\/#website\"},\"datePublished\":\"2021-04-05T09:11:15+00:00\",\"description\":\"Hauptuntersuchungen (HU) mit integrierter Abgasuntersuchung (UMA) gem. \u00a7 29 StVZO, Anbaupr\u00fcfungen\/\u00c4nderungsabnahmen gem. \u00a7 19(3) StVZO, Gaspr\u00fcfungen (GWP), Oldtimer-Gutachten gem. \u00a7 23 StVZO (H-Kennzeichen), BOKraft-Pr\u00fcfungen f\u00fcr Taxen, Feinstaubplaketten (Schadstoffplaketten); Varel, Bockhorn, Zetel, Friesland\",\"breadcrumb\":{\"@id\":\"https:\/\/xn--prfstelle-varel-0vb.de\/?page_id=33#breadcrumb\"},\"inLanguage\":\"de\",\"potentialAction\":[{\"@type\":\"ReadAction\",\"target\":[\"https:\/\/xn--prfstelle-varel-0vb.de\/?page_id=33\"]}]},{\"@type\":\"BreadcrumbList\",\"@id\":\"https:\/\/xn--prfstelle-varel-0vb.de\/?page_id=33#breadcrumb\",\"itemListElement\":[{\"@type\":\"ListItem\",\"position\":1,\"name\":\"Startseite\",\"item\":\"https:\/\/xn--prfstelle-varel-0vb.de\/\"},{\"@type\":\"ListItem\",\"position\":2,\"name\":\"Ing.-B\u00fcro Gerdes\"}]},{\"@type\":\"WebSite\",\"@id\":\"https:\/\/xn--prfstelle-varel-0vb.de\/#website\",\"url\":\"https:\/\/xn--prfstelle-varel-0vb.de\/\",\"name\":\"GT\u00dc Kfz-Pr\u00fcfstelle, Ing.-B\u00fcro Reelf Gerdes\",\"description\":\"EINFACH und SICHER zur neuen Plakette!\",\"publisher\":{\"@id\":\"https:\/\/xn--prfstelle-varel-0vb.de\/#organization\"},\"potentialAction\":[{\"@type\":\"SearchAction\",\"target\":{\"@type\":\"EntryPoint\",\"urlTemplate\":\"https:\/\/xn--prfstelle-varel-0vb.de\/?s={search_term_string}\"},\"query-input\":{\"@type\":\"PropertyValueSpecification\",\"valueRequired\":true,\"valueName\":\"search_term_string\"}}],\"inLanguage\":\"de\"},{\"@type\":\"Organization\",\"@id\":\"https:\/\/xn--prfstelle-varel-0vb.de\/#organization\",\"name\":\"GT\u00dc Kfz-Pr\u00fcfstelle\",\"url\":\"https:\/\/xn--prfstelle-varel-0vb.de\/\",\"logo\":{\"@type\":\"ImageObject\",\"inLanguage\":\"de\",\"@id\":\"https:\/\/xn--prfstelle-varel-0vb.de\/#\/schema\/logo\/image\/\",\"url\":\"https:\/\/xn--prfstelle-varel-0vb.de\/wp-content\/uploads\/2021\/04\/cropped-cropped-cropped-IMG_20160307_150246-scaled-2-1-e1617613682540.jpg\",\"contentUrl\":\"https:\/\/xn--prfstelle-varel-0vb.de\/wp-content\/uploads\/2021\/04\/cropped-cropped-cropped-IMG_20160307_150246-scaled-2-1-e1617613682540.jpg\",\"width\":1500,\"height\":595,\"caption\":\"GT\u00dc Kfz-Pr\u00fcfstelle\"},\"image\":{\"@id\":\"https:\/\/xn--prfstelle-varel-0vb.de\/#\/schema\/logo\/image\/\"}}]}<\/script>\n<!-- \/ Yoast SEO plugin. -->","yoast_head_json":{"title":"Ing.-B\u00fcro Gerdes - GT\u00dc Kfz-Pr\u00fcfstelle, Ing.-B\u00fcro Reelf Gerdes","description":"Hauptuntersuchungen (HU) mit integrierter Abgasuntersuchung (UMA) gem. \u00a7 29 StVZO, Anbaupr\u00fcfungen\/\u00c4nderungsabnahmen gem. \u00a7 19(3) StVZO, Gaspr\u00fcfungen (GWP), Oldtimer-Gutachten gem. \u00a7 23 StVZO (H-Kennzeichen), BOKraft-Pr\u00fcfungen f\u00fcr Taxen, Feinstaubplaketten (Schadstoffplaketten); Varel, Bockhorn, Zetel, Friesland","robots":{"index":"index","follow":"follow","max-snippet":"max-snippet:-1","max-image-preview":"max-image-preview:large","max-video-preview":"max-video-preview:-1"},"canonical":"https:\/\/xn--prfstelle-varel-0vb.de\/?page_id=33","og_locale":"de_DE","og_type":"article","og_title":"Ing.-B\u00fcro Gerdes - GT\u00dc Kfz-Pr\u00fcfstelle, Ing.-B\u00fcro Reelf Gerdes","og_description":"Hauptuntersuchungen (HU) mit integrierter Abgasuntersuchung (UMA) gem. \u00a7 29 StVZO, Anbaupr\u00fcfungen\/\u00c4nderungsabnahmen gem. \u00a7 19(3) StVZO, Gaspr\u00fcfungen (GWP), Oldtimer-Gutachten gem. \u00a7 23 StVZO (H-Kennzeichen), BOKraft-Pr\u00fcfungen f\u00fcr Taxen, Feinstaubplaketten (Schadstoffplaketten); Varel, Bockhorn, Zetel, Friesland","og_url":"https:\/\/xn--prfstelle-varel-0vb.de\/?page_id=33","og_site_name":"GT\u00dc Kfz-Pr\u00fcfstelle, Ing.-B\u00fcro Reelf Gerdes","twitter_card":"summary_large_image","schema":{"@context":"https:\/\/schema.org","@graph":[{"@type":"WebPage","@id":"https:\/\/xn--prfstelle-varel-0vb.de\/?page_id=33","url":"https:\/\/xn--prfstelle-varel-0vb.de\/?page_id=33","name":"Ing.-B\u00fcro Gerdes - GT\u00dc Kfz-Pr\u00fcfstelle, Ing.-B\u00fcro Reelf Gerdes","isPartOf":{"@id":"https:\/\/xn--prfstelle-varel-0vb.de\/#website"},"datePublished":"2021-04-05T09:11:15+00:00","description":"Hauptuntersuchungen (HU) mit integrierter Abgasuntersuchung (UMA) gem. \u00a7 29 StVZO, Anbaupr\u00fcfungen\/\u00c4nderungsabnahmen gem. \u00a7 19(3) StVZO, Gaspr\u00fcfungen (GWP), Oldtimer-Gutachten gem. \u00a7 23 StVZO (H-Kennzeichen), BOKraft-Pr\u00fcfungen f\u00fcr Taxen, Feinstaubplaketten (Schadstoffplaketten); Varel, Bockhorn, Zetel, Friesland","breadcrumb":{"@id":"https:\/\/xn--prfstelle-varel-0vb.de\/?page_id=33#breadcrumb"},"inLanguage":"de","potentialAction":[{"@type":"ReadAction","target":["https:\/\/xn--prfstelle-varel-0vb.de\/?page_id=33"]}]},{"@type":"BreadcrumbList","@id":"https:\/\/xn--prfstelle-varel-0vb.de\/?page_id=33#breadcrumb","itemListElement":[{"@type":"ListItem","position":1,"name":"Startseite","item":"https:\/\/xn--prfstelle-varel-0vb.de\/"},{"@type":"ListItem","position":2,"name":"Ing.-B\u00fcro Gerdes"}]},{"@type":"WebSite","@id":"https:\/\/xn--prfstelle-varel-0vb.de\/#website","url":"https:\/\/xn--prfstelle-varel-0vb.de\/","name":"GT\u00dc Kfz-Pr\u00fcfstelle, Ing.-B\u00fcro Reelf Gerdes","description":"EINFACH und SICHER zur neuen Plakette!","publisher":{"@id":"https:\/\/xn--prfstelle-varel-0vb.de\/#organization"},"potentialAction":[{"@type":"SearchAction","target":{"@type":"EntryPoint","urlTemplate":"https:\/\/xn--prfstelle-varel-0vb.de\/?s={search_term_string}"},"query-input":{"@type":"PropertyValueSpecification","valueRequired":true,"valueName":"search_term_string"}}],"inLanguage":"de"},{"@type":"Organization","@id":"https:\/\/xn--prfstelle-varel-0vb.de\/#organization","name":"GT\u00dc Kfz-Pr\u00fcfstelle","url":"https:\/\/xn--prfstelle-varel-0vb.de\/","logo":{"@type":"ImageObject","inLanguage":"de","@id":"https:\/\/xn--prfstelle-varel-0vb.de\/#\/schema\/logo\/image\/","url":"https:\/\/xn--prfstelle-varel-0vb.de\/wp-content\/uploads\/2021\/04\/cropped-cropped-cropped-IMG_20160307_150246-scaled-2-1-e1617613682540.jpg","contentUrl":"https:\/\/xn--prfstelle-varel-0vb.de\/wp-content\/uploads\/2021\/04\/cropped-cropped-cropped-IMG_20160307_150246-scaled-2-1-e1617613682540.jpg","width":1500,"height":595,"caption":"GT\u00dc Kfz-Pr\u00fcfstelle"},"image":{"@id":"https:\/\/xn--prfstelle-varel-0vb.de\/#\/schema\/logo\/image\/"}}]}},"_links":{"self":[{"href":"https:\/\/xn--prfstelle-varel-0vb.de\/index.php?rest_route=\/wp\/v2\/pages\/33","targetHints":{"allow":["GET"]}}],"collection":[{"href":"https:\/\/xn--prfstelle-varel-0vb.de\/index.php?rest_route=\/wp\/v2\/pages"}],"about":[{"href":"https:\/\/xn--prfstelle-varel-0vb.de\/index.php?rest_route=\/wp\/v2\/types\/page"}],"author":[{"embeddable":true,"href":"https:\/\/xn--prfstelle-varel-0vb.de\/index.php?rest_route=\/wp\/v2\/users\/1"}],"replies":[{"embeddable":true,"href":"https:\/\/xn--prfstelle-varel-0vb.de\/index.php?rest_route=%2Fwp%2Fv2%2Fcomments&post=33"}],"version-history":[{"count":1,"href":"https:\/\/xn--prfstelle-varel-0vb.de\/index.php?rest_route=\/wp\/v2\/pages\/33\/revisions"}],"predecessor-version":[{"id":41,"href":"https:\/\/xn--prfstelle-varel-0vb.de\/index.php?rest_route=\/wp\/v2\/pages\/33\/revisions\/41"}],"wp:attachment":[{"href":"https:\/\/xn--prfstelle-varel-0vb.de\/index.php?rest_route=%2Fwp%2Fv2%2Fmedia&parent=33"}],"curies":[{"name":"wp","href":"https:\/\/api.w.org\/{rel}","templated":true}]}}