{"id":31,"date":"2021-04-05T09:11:15","date_gmt":"2021-04-05T09:11:15","guid":{"rendered":"https:\/\/xn--prfstelle-varel-0vb.de\/?page_id=31"},"modified":"2021-04-05T17:10:58","modified_gmt":"2021-04-05T17:10:58","slug":"kfz-pruefstelle","status":"publish","type":"page","link":"https:\/\/xn--prfstelle-varel-0vb.de\/?page_id=31","title":{"rendered":"Kfz-Pr\u00fcfstelle"},"content":{"rendered":"\n<p>Wir bieten Ihnen als Vertragspartner der GT\u00dc folgende Leistungen:<\/p>\n\n\n\n<div class=\"wp-block-media-text alignwide is-stacked-on-mobile\" style=\"grid-template-columns:31% auto\"><figure class=\"wp-block-media-text__media\"><img loading=\"lazy\" decoding=\"async\" width=\"1024\" height=\"512\" src=\"https:\/\/xn--prfstelle-varel-0vb.de\/wp-content\/uploads\/2021\/04\/HU_3D-1024x512.jpg\" alt=\"\" class=\"wp-image-98 size-full\" srcset=\"https:\/\/xn--prfstelle-varel-0vb.de\/wp-content\/uploads\/2021\/04\/HU_3D-1024x512.jpg 1024w, https:\/\/xn--prfstelle-varel-0vb.de\/wp-content\/uploads\/2021\/04\/HU_3D-300x150.jpg 300w, https:\/\/xn--prfstelle-varel-0vb.de\/wp-content\/uploads\/2021\/04\/HU_3D-768x384.jpg 768w, https:\/\/xn--prfstelle-varel-0vb.de\/wp-content\/uploads\/2021\/04\/HU_3D-1536x768.jpg 1536w, https:\/\/xn--prfstelle-varel-0vb.de\/wp-content\/uploads\/2021\/04\/HU_3D-2048x1024.jpg 2048w\" sizes=\"auto, (max-width: 1024px) 100vw, 1024px\" \/><\/figure><div class=\"wp-block-media-text__content\">\n<ul class=\"wp-block-list\"><li><a href=\"https:\/\/pr\u00fcfstelle-varel.de\/?page_id=115\" data-type=\"URL\" data-id=\"https:\/\/pr\u00fcfstelle-varel.de\/?page_id=115\">Hauptuntersuchungen (HU) nach \u00a7 29 StVZO<br>mit integrierter Abgasuntersuchung (UMA)<\/a><\/li><li><a href=\"https:\/\/pr\u00fcfstelle-varel.de\/?page_id=118\">\u00c4nderungsabnahmen nach \u00a7 19(3) StVZO<\/a><\/li><li><a href=\"https:\/\/pr\u00fcfstelle-varel.de\/?page_id=131\">Oldtimer-Begutachtungen nach \u00a7 23 StVZO<\/a><\/li><li><a href=\"https:\/\/pr\u00fcfstelle-varel.de\/?page_id=126\">Untersuchungen nach BOKraft<\/a><\/li><li>Zuteilung von Feinstaubplaketten<\/li><\/ul>\n<\/div><\/div>\n\n\n\n<p><\/p>\n\n\n\n<p>Wenn Sie Fragen haben: Rufen Sie uns an!<\/p>\n\n\n\n<ul class=\"wp-block-list\"><li><a href=\"https:\/\/pr\u00fcfstelle-varel.de\/?page_id=132\">Preise<\/a><\/li><\/ul>\n\n\n\n<ul class=\"wp-block-list\"><li><a href=\"https:\/\/pr\u00fcfstelle-varel.de\/?page_id=133\">\u00d6ffnungszeiten<\/a><\/li><\/ul>\n\n\n\n<p><\/p>\n","protected":false},"excerpt":{"rendered":"<p>Wir bieten Ihnen als Vertragspartner der GT\u00dc folgende Leistungen: Hauptuntersuchungen (HU) nach \u00a7 29 StVZOmit integrierter Abgasuntersuchung (UMA) \u00c4nderungsabnahmen nach \u00a7 19(3) StVZO Oldtimer-Begutachtungen nach \u00a7 23 StVZO Untersuchungen nach BOKraft Zuteilung von Feinstaubplaketten Wenn Sie Fragen haben: Rufen Sie uns an! Preise \u00d6ffnungszeiten<\/p>\n","protected":false},"author":1,"featured_media":0,"parent":0,"menu_order":0,"comment_status":"closed","ping_status":"closed","template":"","meta":{"footnotes":""},"class_list":["post-31","page","type-page","status-publish","hentry"],"yoast_head":"<!-- This site is optimized with the Yoast SEO plugin v26.8 - https:\/\/yoast.com\/product\/yoast-seo-wordpress\/ -->\n<title>Kfz-Pr\u00fcfstelle - GT\u00dc Kfz-Pr\u00fcfstelle, Ing.-B\u00fcro Reelf Gerdes<\/title>\n<meta name=\"description\" content=\"Hauptuntersuchungen (HU) mit integrierter Abgasuntersuchung (UMA) gem. \u00a7 29 StVZO, Anbaupr\u00fcfungen\/\u00c4nderungsabnahmen gem. \u00a7 19(3) StVZO, Gaspr\u00fcfungen (GWP), Oldtimer-Gutachten gem. \u00a7 23 StVZO (H-Kennzeichen), BOKraft-Pr\u00fcfungen f\u00fcr Taxen, Feinstaubplaketten (Schadstoffplaketten); Varel, Bockhorn, Zetel, Friesland\" \/>\n<meta name=\"robots\" content=\"index, follow, max-snippet:-1, max-image-preview:large, max-video-preview:-1\" \/>\n<link rel=\"canonical\" href=\"https:\/\/xn--prfstelle-varel-0vb.de\/?page_id=31\" \/>\n<meta property=\"og:locale\" content=\"de_DE\" \/>\n<meta property=\"og:type\" content=\"article\" \/>\n<meta property=\"og:title\" content=\"Kfz-Pr\u00fcfstelle - GT\u00dc Kfz-Pr\u00fcfstelle, Ing.-B\u00fcro Reelf Gerdes\" \/>\n<meta property=\"og:description\" content=\"Hauptuntersuchungen (HU) mit integrierter Abgasuntersuchung (UMA) gem. \u00a7 29 StVZO, Anbaupr\u00fcfungen\/\u00c4nderungsabnahmen gem. \u00a7 19(3) StVZO, Gaspr\u00fcfungen (GWP), Oldtimer-Gutachten gem. \u00a7 23 StVZO (H-Kennzeichen), BOKraft-Pr\u00fcfungen f\u00fcr Taxen, Feinstaubplaketten (Schadstoffplaketten); Varel, Bockhorn, Zetel, Friesland\" \/>\n<meta property=\"og:url\" content=\"https:\/\/xn--prfstelle-varel-0vb.de\/?page_id=31\" \/>\n<meta property=\"og:site_name\" content=\"GT\u00dc Kfz-Pr\u00fcfstelle, Ing.-B\u00fcro Reelf Gerdes\" \/>\n<meta property=\"article:modified_time\" content=\"2021-04-05T17:10:58+00:00\" \/>\n<meta property=\"og:image\" content=\"https:\/\/xn--prfstelle-varel-0vb.de\/wp-content\/uploads\/2021\/04\/HU_3D-1024x512.jpg\" \/>\n<meta name=\"twitter:card\" content=\"summary_large_image\" \/>\n<script type=\"application\/ld+json\" class=\"yoast-schema-graph\">{\"@context\":\"https:\/\/schema.org\",\"@graph\":[{\"@type\":\"WebPage\",\"@id\":\"https:\/\/xn--prfstelle-varel-0vb.de\/?page_id=31\",\"url\":\"https:\/\/xn--prfstelle-varel-0vb.de\/?page_id=31\",\"name\":\"Kfz-Pr\u00fcfstelle - GT\u00dc Kfz-Pr\u00fcfstelle, Ing.-B\u00fcro Reelf Gerdes\",\"isPartOf\":{\"@id\":\"https:\/\/xn--prfstelle-varel-0vb.de\/#website\"},\"primaryImageOfPage\":{\"@id\":\"https:\/\/xn--prfstelle-varel-0vb.de\/?page_id=31#primaryimage\"},\"image\":{\"@id\":\"https:\/\/xn--prfstelle-varel-0vb.de\/?page_id=31#primaryimage\"},\"thumbnailUrl\":\"https:\/\/xn--prfstelle-varel-0vb.de\/wp-content\/uploads\/2021\/04\/HU_3D-1024x512.jpg\",\"datePublished\":\"2021-04-05T09:11:15+00:00\",\"dateModified\":\"2021-04-05T17:10:58+00:00\",\"description\":\"Hauptuntersuchungen (HU) mit integrierter Abgasuntersuchung (UMA) gem. \u00a7 29 StVZO, Anbaupr\u00fcfungen\/\u00c4nderungsabnahmen gem. \u00a7 19(3) StVZO, Gaspr\u00fcfungen (GWP), Oldtimer-Gutachten gem. \u00a7 23 StVZO (H-Kennzeichen), BOKraft-Pr\u00fcfungen f\u00fcr Taxen, Feinstaubplaketten (Schadstoffplaketten); Varel, Bockhorn, Zetel, Friesland\",\"breadcrumb\":{\"@id\":\"https:\/\/xn--prfstelle-varel-0vb.de\/?page_id=31#breadcrumb\"},\"inLanguage\":\"de\",\"potentialAction\":[{\"@type\":\"ReadAction\",\"target\":[\"https:\/\/xn--prfstelle-varel-0vb.de\/?page_id=31\"]}]},{\"@type\":\"ImageObject\",\"inLanguage\":\"de\",\"@id\":\"https:\/\/xn--prfstelle-varel-0vb.de\/?page_id=31#primaryimage\",\"url\":\"https:\/\/xn--prfstelle-varel-0vb.de\/wp-content\/uploads\/2021\/04\/HU_3D.jpg\",\"contentUrl\":\"https:\/\/xn--prfstelle-varel-0vb.de\/wp-content\/uploads\/2021\/04\/HU_3D.jpg\",\"width\":2362,\"height\":1181,\"caption\":\"nach links geneigte HU-Plakette, Gelb\"},{\"@type\":\"BreadcrumbList\",\"@id\":\"https:\/\/xn--prfstelle-varel-0vb.de\/?page_id=31#breadcrumb\",\"itemListElement\":[{\"@type\":\"ListItem\",\"position\":1,\"name\":\"Startseite\",\"item\":\"https:\/\/xn--prfstelle-varel-0vb.de\/\"},{\"@type\":\"ListItem\",\"position\":2,\"name\":\"Kfz-Pr\u00fcfstelle\"}]},{\"@type\":\"WebSite\",\"@id\":\"https:\/\/xn--prfstelle-varel-0vb.de\/#website\",\"url\":\"https:\/\/xn--prfstelle-varel-0vb.de\/\",\"name\":\"GT\u00dc Kfz-Pr\u00fcfstelle, Ing.-B\u00fcro Reelf Gerdes\",\"description\":\"EINFACH und SICHER zur neuen Plakette!\",\"publisher\":{\"@id\":\"https:\/\/xn--prfstelle-varel-0vb.de\/#organization\"},\"potentialAction\":[{\"@type\":\"SearchAction\",\"target\":{\"@type\":\"EntryPoint\",\"urlTemplate\":\"https:\/\/xn--prfstelle-varel-0vb.de\/?s={search_term_string}\"},\"query-input\":{\"@type\":\"PropertyValueSpecification\",\"valueRequired\":true,\"valueName\":\"search_term_string\"}}],\"inLanguage\":\"de\"},{\"@type\":\"Organization\",\"@id\":\"https:\/\/xn--prfstelle-varel-0vb.de\/#organization\",\"name\":\"GT\u00dc Kfz-Pr\u00fcfstelle\",\"url\":\"https:\/\/xn--prfstelle-varel-0vb.de\/\",\"logo\":{\"@type\":\"ImageObject\",\"inLanguage\":\"de\",\"@id\":\"https:\/\/xn--prfstelle-varel-0vb.de\/#\/schema\/logo\/image\/\",\"url\":\"https:\/\/xn--prfstelle-varel-0vb.de\/wp-content\/uploads\/2021\/04\/cropped-cropped-cropped-IMG_20160307_150246-scaled-2-1-e1617613682540.jpg\",\"contentUrl\":\"https:\/\/xn--prfstelle-varel-0vb.de\/wp-content\/uploads\/2021\/04\/cropped-cropped-cropped-IMG_20160307_150246-scaled-2-1-e1617613682540.jpg\",\"width\":1500,\"height\":595,\"caption\":\"GT\u00dc Kfz-Pr\u00fcfstelle\"},\"image\":{\"@id\":\"https:\/\/xn--prfstelle-varel-0vb.de\/#\/schema\/logo\/image\/\"}}]}<\/script>\n<!-- \/ Yoast SEO plugin. -->","yoast_head_json":{"title":"Kfz-Pr\u00fcfstelle - GT\u00dc Kfz-Pr\u00fcfstelle, Ing.-B\u00fcro Reelf Gerdes","description":"Hauptuntersuchungen (HU) mit integrierter Abgasuntersuchung (UMA) gem. \u00a7 29 StVZO, Anbaupr\u00fcfungen\/\u00c4nderungsabnahmen gem. \u00a7 19(3) StVZO, Gaspr\u00fcfungen (GWP), Oldtimer-Gutachten gem. \u00a7 23 StVZO (H-Kennzeichen), BOKraft-Pr\u00fcfungen f\u00fcr Taxen, Feinstaubplaketten (Schadstoffplaketten); Varel, Bockhorn, Zetel, Friesland","robots":{"index":"index","follow":"follow","max-snippet":"max-snippet:-1","max-image-preview":"max-image-preview:large","max-video-preview":"max-video-preview:-1"},"canonical":"https:\/\/xn--prfstelle-varel-0vb.de\/?page_id=31","og_locale":"de_DE","og_type":"article","og_title":"Kfz-Pr\u00fcfstelle - GT\u00dc Kfz-Pr\u00fcfstelle, Ing.-B\u00fcro Reelf Gerdes","og_description":"Hauptuntersuchungen (HU) mit integrierter Abgasuntersuchung (UMA) gem. \u00a7 29 StVZO, Anbaupr\u00fcfungen\/\u00c4nderungsabnahmen gem. \u00a7 19(3) StVZO, Gaspr\u00fcfungen (GWP), Oldtimer-Gutachten gem. \u00a7 23 StVZO (H-Kennzeichen), BOKraft-Pr\u00fcfungen f\u00fcr Taxen, Feinstaubplaketten (Schadstoffplaketten); Varel, Bockhorn, Zetel, Friesland","og_url":"https:\/\/xn--prfstelle-varel-0vb.de\/?page_id=31","og_site_name":"GT\u00dc Kfz-Pr\u00fcfstelle, Ing.-B\u00fcro Reelf Gerdes","article_modified_time":"2021-04-05T17:10:58+00:00","og_image":[{"url":"https:\/\/xn--prfstelle-varel-0vb.de\/wp-content\/uploads\/2021\/04\/HU_3D-1024x512.jpg","type":"","width":"","height":""}],"twitter_card":"summary_large_image","schema":{"@context":"https:\/\/schema.org","@graph":[{"@type":"WebPage","@id":"https:\/\/xn--prfstelle-varel-0vb.de\/?page_id=31","url":"https:\/\/xn--prfstelle-varel-0vb.de\/?page_id=31","name":"Kfz-Pr\u00fcfstelle - GT\u00dc Kfz-Pr\u00fcfstelle, Ing.-B\u00fcro Reelf Gerdes","isPartOf":{"@id":"https:\/\/xn--prfstelle-varel-0vb.de\/#website"},"primaryImageOfPage":{"@id":"https:\/\/xn--prfstelle-varel-0vb.de\/?page_id=31#primaryimage"},"image":{"@id":"https:\/\/xn--prfstelle-varel-0vb.de\/?page_id=31#primaryimage"},"thumbnailUrl":"https:\/\/xn--prfstelle-varel-0vb.de\/wp-content\/uploads\/2021\/04\/HU_3D-1024x512.jpg","datePublished":"2021-04-05T09:11:15+00:00","dateModified":"2021-04-05T17:10:58+00:00","description":"Hauptuntersuchungen (HU) mit integrierter Abgasuntersuchung (UMA) gem. \u00a7 29 StVZO, Anbaupr\u00fcfungen\/\u00c4nderungsabnahmen gem. \u00a7 19(3) StVZO, Gaspr\u00fcfungen (GWP), Oldtimer-Gutachten gem. \u00a7 23 StVZO (H-Kennzeichen), BOKraft-Pr\u00fcfungen f\u00fcr Taxen, Feinstaubplaketten (Schadstoffplaketten); Varel, Bockhorn, Zetel, Friesland","breadcrumb":{"@id":"https:\/\/xn--prfstelle-varel-0vb.de\/?page_id=31#breadcrumb"},"inLanguage":"de","potentialAction":[{"@type":"ReadAction","target":["https:\/\/xn--prfstelle-varel-0vb.de\/?page_id=31"]}]},{"@type":"ImageObject","inLanguage":"de","@id":"https:\/\/xn--prfstelle-varel-0vb.de\/?page_id=31#primaryimage","url":"https:\/\/xn--prfstelle-varel-0vb.de\/wp-content\/uploads\/2021\/04\/HU_3D.jpg","contentUrl":"https:\/\/xn--prfstelle-varel-0vb.de\/wp-content\/uploads\/2021\/04\/HU_3D.jpg","width":2362,"height":1181,"caption":"nach links geneigte HU-Plakette, Gelb"},{"@type":"BreadcrumbList","@id":"https:\/\/xn--prfstelle-varel-0vb.de\/?page_id=31#breadcrumb","itemListElement":[{"@type":"ListItem","position":1,"name":"Startseite","item":"https:\/\/xn--prfstelle-varel-0vb.de\/"},{"@type":"ListItem","position":2,"name":"Kfz-Pr\u00fcfstelle"}]},{"@type":"WebSite","@id":"https:\/\/xn--prfstelle-varel-0vb.de\/#website","url":"https:\/\/xn--prfstelle-varel-0vb.de\/","name":"GT\u00dc Kfz-Pr\u00fcfstelle, Ing.-B\u00fcro Reelf Gerdes","description":"EINFACH und SICHER zur neuen Plakette!","publisher":{"@id":"https:\/\/xn--prfstelle-varel-0vb.de\/#organization"},"potentialAction":[{"@type":"SearchAction","target":{"@type":"EntryPoint","urlTemplate":"https:\/\/xn--prfstelle-varel-0vb.de\/?s={search_term_string}"},"query-input":{"@type":"PropertyValueSpecification","valueRequired":true,"valueName":"search_term_string"}}],"inLanguage":"de"},{"@type":"Organization","@id":"https:\/\/xn--prfstelle-varel-0vb.de\/#organization","name":"GT\u00dc Kfz-Pr\u00fcfstelle","url":"https:\/\/xn--prfstelle-varel-0vb.de\/","logo":{"@type":"ImageObject","inLanguage":"de","@id":"https:\/\/xn--prfstelle-varel-0vb.de\/#\/schema\/logo\/image\/","url":"https:\/\/xn--prfstelle-varel-0vb.de\/wp-content\/uploads\/2021\/04\/cropped-cropped-cropped-IMG_20160307_150246-scaled-2-1-e1617613682540.jpg","contentUrl":"https:\/\/xn--prfstelle-varel-0vb.de\/wp-content\/uploads\/2021\/04\/cropped-cropped-cropped-IMG_20160307_150246-scaled-2-1-e1617613682540.jpg","width":1500,"height":595,"caption":"GT\u00dc Kfz-Pr\u00fcfstelle"},"image":{"@id":"https:\/\/xn--prfstelle-varel-0vb.de\/#\/schema\/logo\/image\/"}}]}},"_links":{"self":[{"href":"https:\/\/xn--prfstelle-varel-0vb.de\/index.php?rest_route=\/wp\/v2\/pages\/31","targetHints":{"allow":["GET"]}}],"collection":[{"href":"https:\/\/xn--prfstelle-varel-0vb.de\/index.php?rest_route=\/wp\/v2\/pages"}],"about":[{"href":"https:\/\/xn--prfstelle-varel-0vb.de\/index.php?rest_route=\/wp\/v2\/types\/page"}],"author":[{"embeddable":true,"href":"https:\/\/xn--prfstelle-varel-0vb.de\/index.php?rest_route=\/wp\/v2\/users\/1"}],"replies":[{"embeddable":true,"href":"https:\/\/xn--prfstelle-varel-0vb.de\/index.php?rest_route=%2Fwp%2Fv2%2Fcomments&post=31"}],"version-history":[{"count":12,"href":"https:\/\/xn--prfstelle-varel-0vb.de\/index.php?rest_route=\/wp\/v2\/pages\/31\/revisions"}],"predecessor-version":[{"id":325,"href":"https:\/\/xn--prfstelle-varel-0vb.de\/index.php?rest_route=\/wp\/v2\/pages\/31\/revisions\/325"}],"wp:attachment":[{"href":"https:\/\/xn--prfstelle-varel-0vb.de\/index.php?rest_route=%2Fwp%2Fv2%2Fmedia&parent=31"}],"curies":[{"name":"wp","href":"https:\/\/api.w.org\/{rel}","templated":true}]}}