{"id":2,"date":"2021-04-04T17:43:18","date_gmt":"2021-04-04T17:43:18","guid":{"rendered":"https:\/\/xn--prfstelle-varel-0vb.de\/?page_id=2"},"modified":"2025-02-06T21:35:32","modified_gmt":"2025-02-06T21:35:32","slug":"sample-page","status":"publish","type":"page","link":"https:\/\/xn--prfstelle-varel-0vb.de\/?page_id=2","title":{"rendered":"Wissenswertes"},"content":{"rendered":"\n<p><a href=\"https:\/\/www.gtue.de\/de\/gtue\/publikationen\/gtue-informativ\/download-informativ-tempo100\" target=\"_blank\" rel=\"noreferrer noopener\"><strong>H\u00f6chstgeschwindigkeit f\u00fcr Anh\u00e4nger<\/strong><\/a><br>Anhebung der zul\u00e4ssigen H\u00f6chstgeschwindigkeit von Anh\u00e4ngern auf 100 km\/h f\u00fcr Gespanne auf Autobahnen und Kraftfahrstra\u00dfen in Deutschland (pdf)<\/p>\n\n\n\n<p><a href=\"https:\/\/www.gtue.de\/de\/gtue\/publikationen\/gtue-informativ\/download-informativ-oldtimer\" target=\"_blank\" rel=\"noreferrer noopener\"><strong>Zulassung von Oldtimern<\/strong><\/a><br>15 Fragen und Antworten zu Oldtimern und der &#8222;Oldtimer-Richtlinie&#8220; (pdf)<\/p>\n\n\n\n<p><strong><a href=\"https:\/\/www.gtue.de\/fm\/873\/gtue-informativ_umbau-beleuchtung.pdf\" target=\"_blank\" rel=\"noreferrer noopener\">Fragen und Antworten zum Tagfahrlicht<\/a><\/strong><br>Hinweise zum korrekten Umbau von Beleuchtungseinrichtungen (pdf)<\/p>\n\n\n\n<p><a href=\"https:\/\/www.gtue.de\/de\/gtue\/publikationen\/gtue-informativ\/download-informativ-ikfz\" target=\"_blank\" rel=\"noreferrer noopener\"><strong>Internetbasierte Zulassungsverfahren<\/strong><\/a><br>Das Internetbasierte Zulassungsverfahren (i-Kfz): Erstzulassung \u2013 Au\u00dferbetriebsetzung \u2013 Wiederzulassung (pdf)<\/p>\n\n\n\n<p><a href=\"https:\/\/www.gtue.de\/de\/gtue\/publikationen\/gtue-informativ\/download-informativ-gasfzg\" target=\"_blank\" rel=\"noreferrer noopener\"><strong>Gasfahrzeuge<\/strong><\/a><br>Wissenswertes rund um Fahrzeuge mit Gasantrieb (pdf)<\/p>\n\n\n\n<p><a rel=\"noreferrer noopener\" href=\"https:\/\/www.gtue.de\/fm\/873\/gtue-informativ_spiegelnachruestung.pdf\" target=\"_blank\"><strong>Nachr\u00fcstung von Nahbereichs- und Weitwinkelspiegeln<\/strong><\/a><br>Fragen und Antworten zur Nachr\u00fcstung von Nahbereichs- und&nbsp;Weitwinkelspiegeln, zum digitalen Kontrollger\u00e4t und der elektronischen Fahrerkarte (pdf)<\/p>\n\n\n\n<p><a href=\"https:\/\/www.gtue.de\/de\/gtue\/publikationen\/gtue-informativ\/download-informativ-reifen\" target=\"_blank\" rel=\"noreferrer noopener\"><strong>Informationen rund um das Thema Reifen<\/strong><\/a><br>Reifenprofiltiefe, Reifendruck, Geschwindigkeitsindex, Tragf\u00e4higkeitsindex und Winterreifen (pdf)<\/p>\n\n\n\n<p><a href=\"https:\/\/www.gtue.de\/de\/gtue\/publikationen\/gtue-informativ\/download-informativ-winterreifen\" target=\"_blank\" rel=\"noreferrer noopener\"><strong>Aktuelles zur Winterreifenpflicht<\/strong><\/a><br>Wichtige Fakten \u2013 Alte und neue Kennzeichnung \u2013 Die neuen Fristen zum Einsatz von Winterreifen \u2013 Geltende Gesetze \u2013 F\u00e4llige Bu\u00dfgelder bei Verst\u00f6\u00dfen (pdf)<\/p>\n\n\n\n<div class=\"wp-block-group\"><div class=\"wp-block-group__inner-container is-layout-flow wp-block-group-is-layout-flow\">\n<div class=\"wp-block-columns is-layout-flex wp-container-core-columns-is-layout-1 wp-block-columns-is-layout-flex\">\n<div class=\"wp-block-column is-layout-flow wp-block-column-is-layout-flow\" style=\"flex-basis:100%\"><\/div>\n<\/div>\n<\/div><\/div>\n\n\n\n<p><\/p>\n","protected":false},"excerpt":{"rendered":"<p>H\u00f6chstgeschwindigkeit f\u00fcr Anh\u00e4ngerAnhebung der zul\u00e4ssigen H\u00f6chstgeschwindigkeit von Anh\u00e4ngern auf 100 km\/h f\u00fcr Gespanne auf Autobahnen und Kraftfahrstra\u00dfen in Deutschland (pdf) Zulassung von Oldtimern15 Fragen und Antworten zu Oldtimern und der &#8222;Oldtimer-Richtlinie&#8220; (pdf) Fragen und Antworten zum TagfahrlichtHinweise zum korrekten Umbau von Beleuchtungseinrichtungen (pdf) Internetbasierte ZulassungsverfahrenDas Internetbasierte Zulassungsverfahren (i-Kfz): Erstzulassung \u2013 Au\u00dferbetriebsetzung \u2013 Wiederzulassung (pdf) GasfahrzeugeWissenswertes [&hellip;]<\/p>\n","protected":false},"author":1,"featured_media":0,"parent":0,"menu_order":0,"comment_status":"closed","ping_status":"open","template":"","meta":{"footnotes":""},"class_list":["post-2","page","type-page","status-publish","hentry"],"yoast_head":"<!-- This site is optimized with the Yoast SEO plugin v26.8 - https:\/\/yoast.com\/product\/yoast-seo-wordpress\/ -->\n<title>Wissenswertes - GT\u00dc Kfz-Pr\u00fcfstelle, Ing.-B\u00fcro Reelf Gerdes<\/title>\n<meta name=\"description\" content=\"Hauptuntersuchungen (HU) mit integrierter Abgasuntersuchung (UMA) gem. \u00a7 29 StVZO, Anbaupr\u00fcfungen\/\u00c4nderungsabnahmen gem. \u00a7 19(3) StVZO, Gaspr\u00fcfungen (GWP), Oldtimer-Gutachten gem. \u00a7 23 StVZO (H-Kennzeichen), BOKraft-Pr\u00fcfungen f\u00fcr Taxen, Feinstaubplaketten (Schadstoffplaketten); Varel, Bockhorn, Zetel, Friesland; Vorsorgeuntersuchung, G607, neutral, unabh\u00e4ngig, ehrlich, Wahrheit, Auto, Pkw, Motorrad, Moped, Trike, Quad, Trecker, Anh\u00e4nger, Wohnwagen, Wohnmobil, Lkw, Ablastung, Auflastung, Tempo 100, GT\u00dc, T\u00dcV, Dekra, K\u00dcS\" \/>\n<meta name=\"robots\" content=\"index, follow, max-snippet:-1, max-image-preview:large, max-video-preview:-1\" \/>\n<link rel=\"canonical\" href=\"https:\/\/xn--prfstelle-varel-0vb.de\/?page_id=2\" \/>\n<meta property=\"og:locale\" content=\"de_DE\" \/>\n<meta property=\"og:type\" content=\"article\" \/>\n<meta property=\"og:title\" content=\"Wissenswertes - GT\u00dc Kfz-Pr\u00fcfstelle, Ing.-B\u00fcro Reelf Gerdes\" \/>\n<meta property=\"og:description\" content=\"Hauptuntersuchungen (HU) mit integrierter Abgasuntersuchung (UMA) gem. \u00a7 29 StVZO, Anbaupr\u00fcfungen\/\u00c4nderungsabnahmen gem. \u00a7 19(3) StVZO, Gaspr\u00fcfungen (GWP), Oldtimer-Gutachten gem. \u00a7 23 StVZO (H-Kennzeichen), BOKraft-Pr\u00fcfungen f\u00fcr Taxen, Feinstaubplaketten (Schadstoffplaketten); Varel, Bockhorn, Zetel, Friesland; Vorsorgeuntersuchung, G607, neutral, unabh\u00e4ngig, ehrlich, Wahrheit, Auto, Pkw, Motorrad, Moped, Trike, Quad, Trecker, Anh\u00e4nger, Wohnwagen, Wohnmobil, Lkw, Ablastung, Auflastung, Tempo 100, GT\u00dc, T\u00dcV, Dekra, K\u00dcS\" \/>\n<meta property=\"og:url\" content=\"https:\/\/xn--prfstelle-varel-0vb.de\/?page_id=2\" \/>\n<meta property=\"og:site_name\" content=\"GT\u00dc Kfz-Pr\u00fcfstelle, Ing.-B\u00fcro Reelf Gerdes\" \/>\n<meta property=\"article:modified_time\" content=\"2025-02-06T21:35:32+00:00\" \/>\n<meta name=\"twitter:card\" content=\"summary_large_image\" \/>\n<meta name=\"twitter:label1\" content=\"Gesch\u00e4tzte Lesezeit\" \/>\n\t<meta name=\"twitter:data1\" content=\"1\u00a0Minute\" \/>\n<script type=\"application\/ld+json\" class=\"yoast-schema-graph\">{\"@context\":\"https:\/\/schema.org\",\"@graph\":[{\"@type\":\"WebPage\",\"@id\":\"https:\/\/xn--prfstelle-varel-0vb.de\/?page_id=2\",\"url\":\"https:\/\/xn--prfstelle-varel-0vb.de\/?page_id=2\",\"name\":\"Wissenswertes - GT\u00dc Kfz-Pr\u00fcfstelle, Ing.-B\u00fcro Reelf Gerdes\",\"isPartOf\":{\"@id\":\"https:\/\/xn--prfstelle-varel-0vb.de\/#website\"},\"datePublished\":\"2021-04-04T17:43:18+00:00\",\"dateModified\":\"2025-02-06T21:35:32+00:00\",\"description\":\"Hauptuntersuchungen (HU) mit integrierter Abgasuntersuchung (UMA) gem. \u00a7 29 StVZO, Anbaupr\u00fcfungen\/\u00c4nderungsabnahmen gem. \u00a7 19(3) StVZO, Gaspr\u00fcfungen (GWP), Oldtimer-Gutachten gem. \u00a7 23 StVZO (H-Kennzeichen), BOKraft-Pr\u00fcfungen f\u00fcr Taxen, Feinstaubplaketten (Schadstoffplaketten); Varel, Bockhorn, Zetel, Friesland; Vorsorgeuntersuchung, G607, neutral, unabh\u00e4ngig, ehrlich, Wahrheit, Auto, Pkw, Motorrad, Moped, Trike, Quad, Trecker, Anh\u00e4nger, Wohnwagen, Wohnmobil, Lkw, Ablastung, Auflastung, Tempo 100, GT\u00dc, T\u00dcV, Dekra, K\u00dcS\",\"breadcrumb\":{\"@id\":\"https:\/\/xn--prfstelle-varel-0vb.de\/?page_id=2#breadcrumb\"},\"inLanguage\":\"de\",\"potentialAction\":[{\"@type\":\"ReadAction\",\"target\":[\"https:\/\/xn--prfstelle-varel-0vb.de\/?page_id=2\"]}]},{\"@type\":\"BreadcrumbList\",\"@id\":\"https:\/\/xn--prfstelle-varel-0vb.de\/?page_id=2#breadcrumb\",\"itemListElement\":[{\"@type\":\"ListItem\",\"position\":1,\"name\":\"Startseite\",\"item\":\"https:\/\/xn--prfstelle-varel-0vb.de\/\"},{\"@type\":\"ListItem\",\"position\":2,\"name\":\"Wissenswertes\"}]},{\"@type\":\"WebSite\",\"@id\":\"https:\/\/xn--prfstelle-varel-0vb.de\/#website\",\"url\":\"https:\/\/xn--prfstelle-varel-0vb.de\/\",\"name\":\"GT\u00dc Kfz-Pr\u00fcfstelle, Ing.-B\u00fcro Reelf Gerdes\",\"description\":\"EINFACH und SICHER zur neuen Plakette!\",\"publisher\":{\"@id\":\"https:\/\/xn--prfstelle-varel-0vb.de\/#organization\"},\"potentialAction\":[{\"@type\":\"SearchAction\",\"target\":{\"@type\":\"EntryPoint\",\"urlTemplate\":\"https:\/\/xn--prfstelle-varel-0vb.de\/?s={search_term_string}\"},\"query-input\":{\"@type\":\"PropertyValueSpecification\",\"valueRequired\":true,\"valueName\":\"search_term_string\"}}],\"inLanguage\":\"de\"},{\"@type\":\"Organization\",\"@id\":\"https:\/\/xn--prfstelle-varel-0vb.de\/#organization\",\"name\":\"GT\u00dc Kfz-Pr\u00fcfstelle\",\"url\":\"https:\/\/xn--prfstelle-varel-0vb.de\/\",\"logo\":{\"@type\":\"ImageObject\",\"inLanguage\":\"de\",\"@id\":\"https:\/\/xn--prfstelle-varel-0vb.de\/#\/schema\/logo\/image\/\",\"url\":\"https:\/\/xn--prfstelle-varel-0vb.de\/wp-content\/uploads\/2021\/04\/cropped-cropped-cropped-IMG_20160307_150246-scaled-2-1-e1617613682540.jpg\",\"contentUrl\":\"https:\/\/xn--prfstelle-varel-0vb.de\/wp-content\/uploads\/2021\/04\/cropped-cropped-cropped-IMG_20160307_150246-scaled-2-1-e1617613682540.jpg\",\"width\":1500,\"height\":595,\"caption\":\"GT\u00dc Kfz-Pr\u00fcfstelle\"},\"image\":{\"@id\":\"https:\/\/xn--prfstelle-varel-0vb.de\/#\/schema\/logo\/image\/\"}}]}<\/script>\n<!-- \/ Yoast SEO plugin. -->","yoast_head_json":{"title":"Wissenswertes - GT\u00dc Kfz-Pr\u00fcfstelle, Ing.-B\u00fcro Reelf Gerdes","description":"Hauptuntersuchungen (HU) mit integrierter Abgasuntersuchung (UMA) gem. \u00a7 29 StVZO, Anbaupr\u00fcfungen\/\u00c4nderungsabnahmen gem. \u00a7 19(3) StVZO, Gaspr\u00fcfungen (GWP), Oldtimer-Gutachten gem. \u00a7 23 StVZO (H-Kennzeichen), BOKraft-Pr\u00fcfungen f\u00fcr Taxen, Feinstaubplaketten (Schadstoffplaketten); Varel, Bockhorn, Zetel, Friesland; Vorsorgeuntersuchung, G607, neutral, unabh\u00e4ngig, ehrlich, Wahrheit, Auto, Pkw, Motorrad, Moped, Trike, Quad, Trecker, Anh\u00e4nger, Wohnwagen, Wohnmobil, Lkw, Ablastung, Auflastung, Tempo 100, GT\u00dc, T\u00dcV, Dekra, K\u00dcS","robots":{"index":"index","follow":"follow","max-snippet":"max-snippet:-1","max-image-preview":"max-image-preview:large","max-video-preview":"max-video-preview:-1"},"canonical":"https:\/\/xn--prfstelle-varel-0vb.de\/?page_id=2","og_locale":"de_DE","og_type":"article","og_title":"Wissenswertes - GT\u00dc Kfz-Pr\u00fcfstelle, Ing.-B\u00fcro Reelf Gerdes","og_description":"Hauptuntersuchungen (HU) mit integrierter Abgasuntersuchung (UMA) gem. \u00a7 29 StVZO, Anbaupr\u00fcfungen\/\u00c4nderungsabnahmen gem. \u00a7 19(3) StVZO, Gaspr\u00fcfungen (GWP), Oldtimer-Gutachten gem. \u00a7 23 StVZO (H-Kennzeichen), BOKraft-Pr\u00fcfungen f\u00fcr Taxen, Feinstaubplaketten (Schadstoffplaketten); Varel, Bockhorn, Zetel, Friesland; Vorsorgeuntersuchung, G607, neutral, unabh\u00e4ngig, ehrlich, Wahrheit, Auto, Pkw, Motorrad, Moped, Trike, Quad, Trecker, Anh\u00e4nger, Wohnwagen, Wohnmobil, Lkw, Ablastung, Auflastung, Tempo 100, GT\u00dc, T\u00dcV, Dekra, K\u00dcS","og_url":"https:\/\/xn--prfstelle-varel-0vb.de\/?page_id=2","og_site_name":"GT\u00dc Kfz-Pr\u00fcfstelle, Ing.-B\u00fcro Reelf Gerdes","article_modified_time":"2025-02-06T21:35:32+00:00","twitter_card":"summary_large_image","twitter_misc":{"Gesch\u00e4tzte Lesezeit":"1\u00a0Minute"},"schema":{"@context":"https:\/\/schema.org","@graph":[{"@type":"WebPage","@id":"https:\/\/xn--prfstelle-varel-0vb.de\/?page_id=2","url":"https:\/\/xn--prfstelle-varel-0vb.de\/?page_id=2","name":"Wissenswertes - GT\u00dc Kfz-Pr\u00fcfstelle, Ing.-B\u00fcro Reelf Gerdes","isPartOf":{"@id":"https:\/\/xn--prfstelle-varel-0vb.de\/#website"},"datePublished":"2021-04-04T17:43:18+00:00","dateModified":"2025-02-06T21:35:32+00:00","description":"Hauptuntersuchungen (HU) mit integrierter Abgasuntersuchung (UMA) gem. \u00a7 29 StVZO, Anbaupr\u00fcfungen\/\u00c4nderungsabnahmen gem. \u00a7 19(3) StVZO, Gaspr\u00fcfungen (GWP), Oldtimer-Gutachten gem. \u00a7 23 StVZO (H-Kennzeichen), BOKraft-Pr\u00fcfungen f\u00fcr Taxen, Feinstaubplaketten (Schadstoffplaketten); Varel, Bockhorn, Zetel, Friesland; Vorsorgeuntersuchung, G607, neutral, unabh\u00e4ngig, ehrlich, Wahrheit, Auto, Pkw, Motorrad, Moped, Trike, Quad, Trecker, Anh\u00e4nger, Wohnwagen, Wohnmobil, Lkw, Ablastung, Auflastung, Tempo 100, GT\u00dc, T\u00dcV, Dekra, K\u00dcS","breadcrumb":{"@id":"https:\/\/xn--prfstelle-varel-0vb.de\/?page_id=2#breadcrumb"},"inLanguage":"de","potentialAction":[{"@type":"ReadAction","target":["https:\/\/xn--prfstelle-varel-0vb.de\/?page_id=2"]}]},{"@type":"BreadcrumbList","@id":"https:\/\/xn--prfstelle-varel-0vb.de\/?page_id=2#breadcrumb","itemListElement":[{"@type":"ListItem","position":1,"name":"Startseite","item":"https:\/\/xn--prfstelle-varel-0vb.de\/"},{"@type":"ListItem","position":2,"name":"Wissenswertes"}]},{"@type":"WebSite","@id":"https:\/\/xn--prfstelle-varel-0vb.de\/#website","url":"https:\/\/xn--prfstelle-varel-0vb.de\/","name":"GT\u00dc Kfz-Pr\u00fcfstelle, Ing.-B\u00fcro Reelf Gerdes","description":"EINFACH und SICHER zur neuen Plakette!","publisher":{"@id":"https:\/\/xn--prfstelle-varel-0vb.de\/#organization"},"potentialAction":[{"@type":"SearchAction","target":{"@type":"EntryPoint","urlTemplate":"https:\/\/xn--prfstelle-varel-0vb.de\/?s={search_term_string}"},"query-input":{"@type":"PropertyValueSpecification","valueRequired":true,"valueName":"search_term_string"}}],"inLanguage":"de"},{"@type":"Organization","@id":"https:\/\/xn--prfstelle-varel-0vb.de\/#organization","name":"GT\u00dc Kfz-Pr\u00fcfstelle","url":"https:\/\/xn--prfstelle-varel-0vb.de\/","logo":{"@type":"ImageObject","inLanguage":"de","@id":"https:\/\/xn--prfstelle-varel-0vb.de\/#\/schema\/logo\/image\/","url":"https:\/\/xn--prfstelle-varel-0vb.de\/wp-content\/uploads\/2021\/04\/cropped-cropped-cropped-IMG_20160307_150246-scaled-2-1-e1617613682540.jpg","contentUrl":"https:\/\/xn--prfstelle-varel-0vb.de\/wp-content\/uploads\/2021\/04\/cropped-cropped-cropped-IMG_20160307_150246-scaled-2-1-e1617613682540.jpg","width":1500,"height":595,"caption":"GT\u00dc Kfz-Pr\u00fcfstelle"},"image":{"@id":"https:\/\/xn--prfstelle-varel-0vb.de\/#\/schema\/logo\/image\/"}}]}},"_links":{"self":[{"href":"https:\/\/xn--prfstelle-varel-0vb.de\/index.php?rest_route=\/wp\/v2\/pages\/2","targetHints":{"allow":["GET"]}}],"collection":[{"href":"https:\/\/xn--prfstelle-varel-0vb.de\/index.php?rest_route=\/wp\/v2\/pages"}],"about":[{"href":"https:\/\/xn--prfstelle-varel-0vb.de\/index.php?rest_route=\/wp\/v2\/types\/page"}],"author":[{"embeddable":true,"href":"https:\/\/xn--prfstelle-varel-0vb.de\/index.php?rest_route=\/wp\/v2\/users\/1"}],"replies":[{"embeddable":true,"href":"https:\/\/xn--prfstelle-varel-0vb.de\/index.php?rest_route=%2Fwp%2Fv2%2Fcomments&post=2"}],"version-history":[{"count":17,"href":"https:\/\/xn--prfstelle-varel-0vb.de\/index.php?rest_route=\/wp\/v2\/pages\/2\/revisions"}],"predecessor-version":[{"id":312,"href":"https:\/\/xn--prfstelle-varel-0vb.de\/index.php?rest_route=\/wp\/v2\/pages\/2\/revisions\/312"}],"wp:attachment":[{"href":"https:\/\/xn--prfstelle-varel-0vb.de\/index.php?rest_route=%2Fwp%2Fv2%2Fmedia&parent=2"}],"curies":[{"name":"wp","href":"https:\/\/api.w.org\/{rel}","templated":true}]}}