{"id":133,"date":"2021-04-05T13:51:00","date_gmt":"2021-04-05T13:51:00","guid":{"rendered":"https:\/\/xn--prfstelle-varel-0vb.de\/?page_id=133"},"modified":"2025-02-07T15:09:53","modified_gmt":"2025-02-07T15:09:53","slug":"oeffnungszeiten","status":"publish","type":"page","link":"https:\/\/xn--prfstelle-varel-0vb.de\/?page_id=133","title":{"rendered":"\u00d6ffnungszeiten"},"content":{"rendered":"\n<p><\/p>\n\n\n\n<p class=\"has-black-color has-text-color has-normal-font-size\"><strong>Montag &#8211; Freitag:<br>9 &#8211; 12 Uhr und 15 &#8211; 17.30 Uhr<\/strong><br><br><span class=\"tadv-color\" style=\"color:#000000\">Bitte unbedingt einen<br><strong>TERMIN vereinbaren<\/strong>:<br><span class=\"underline\" style=\"text-decoration: underline\">telefonisch <\/span>(04451\/957110)<br>oder per <\/span><span class=\"tadv-color\" style=\"color:#cf2e2e\"><a href=\"https:\/\/www.terminland.de\/gerdes24\" target=\"_blank\" rel=\"noreferrer noopener\"><strong>Online-Buchung<\/strong><\/a><\/span>.<br>Vielen Dank!<br><br><strong>Wegen Fortbildung geschlossen &#8230;<br>&#8211; <\/strong>am Donnerstag, 20.03.2025<br>&#8211; von Montag, 24.03. bis Mittwoch, 26.03.2025<br>&#8211; von Mittwoch, 11.06. bis Freitag, 13.06.2025<br>&#8211; von Mittwoch, 30.07. bis Freitag, 01.08.2025<br><br><strong>Wegen Urlaub geschlossen &#8230;<br>&#8230; am<\/strong><\/p>\n\n\n\n<p><\/p>\n","protected":false},"excerpt":{"rendered":"<p>Montag &#8211; Freitag:9 &#8211; 12 Uhr und 15 &#8211; 17.30 Uhr Bitte unbedingt einenTERMIN vereinbaren:telefonisch (04451\/957110)oder per Online-Buchung.Vielen Dank! Wegen Fortbildung geschlossen &#8230;&#8211; am Donnerstag, 20.03.2025&#8211; von Montag, 24.03. bis Mittwoch, 26.03.2025&#8211; von Mittwoch, 11.06. bis Freitag, 13.06.2025&#8211; von Mittwoch, 30.07. bis Freitag, 01.08.2025 Wegen Urlaub geschlossen &#8230;&#8230; am<\/p>\n","protected":false},"author":1,"featured_media":0,"parent":0,"menu_order":0,"comment_status":"closed","ping_status":"closed","template":"","meta":{"footnotes":""},"class_list":["post-133","page","type-page","status-publish","hentry"],"yoast_head":"<!-- This site is optimized with the Yoast SEO plugin v26.8 - https:\/\/yoast.com\/product\/yoast-seo-wordpress\/ -->\n<title>\u00d6ffnungszeiten - GT\u00dc Kfz-Pr\u00fcfstelle, Ing.-B\u00fcro Reelf Gerdes<\/title>\n<meta name=\"description\" content=\"Montag - Freitag: 9 - 12 Uhr und 15 - 17.30 Uhr. Bitte unbedingt einen TERMIN vereinbaren: telefonisch (04451\/957110) oder per Online-Buchung. Vielen Dank!\" \/>\n<meta name=\"robots\" content=\"index, follow, max-snippet:-1, max-image-preview:large, max-video-preview:-1\" \/>\n<link rel=\"canonical\" href=\"https:\/\/xn--prfstelle-varel-0vb.de\/?page_id=133\" \/>\n<meta property=\"og:locale\" content=\"de_DE\" \/>\n<meta property=\"og:type\" content=\"article\" \/>\n<meta property=\"og:title\" content=\"\u00d6ffnungszeiten - GT\u00dc Kfz-Pr\u00fcfstelle, Ing.-B\u00fcro Reelf Gerdes\" \/>\n<meta property=\"og:description\" content=\"Montag - Freitag: 9 - 12 Uhr und 15 - 17.30 Uhr. Bitte unbedingt einen TERMIN vereinbaren: telefonisch (04451\/957110) oder per Online-Buchung. Vielen Dank!\" \/>\n<meta property=\"og:url\" content=\"https:\/\/xn--prfstelle-varel-0vb.de\/?page_id=133\" \/>\n<meta property=\"og:site_name\" content=\"GT\u00dc Kfz-Pr\u00fcfstelle, Ing.-B\u00fcro Reelf Gerdes\" \/>\n<meta property=\"article:modified_time\" content=\"2025-02-07T15:09:53+00:00\" \/>\n<meta name=\"twitter:card\" content=\"summary_large_image\" \/>\n<meta name=\"twitter:label1\" content=\"Gesch\u00e4tzte Lesezeit\" \/>\n\t<meta name=\"twitter:data1\" content=\"1\u00a0Minute\" \/>\n<script type=\"application\/ld+json\" class=\"yoast-schema-graph\">{\"@context\":\"https:\/\/schema.org\",\"@graph\":[{\"@type\":\"WebPage\",\"@id\":\"https:\/\/xn--prfstelle-varel-0vb.de\/?page_id=133\",\"url\":\"https:\/\/xn--prfstelle-varel-0vb.de\/?page_id=133\",\"name\":\"\u00d6ffnungszeiten - GT\u00dc Kfz-Pr\u00fcfstelle, Ing.-B\u00fcro Reelf Gerdes\",\"isPartOf\":{\"@id\":\"https:\/\/xn--prfstelle-varel-0vb.de\/#website\"},\"datePublished\":\"2021-04-05T13:51:00+00:00\",\"dateModified\":\"2025-02-07T15:09:53+00:00\",\"description\":\"Montag - Freitag: 9 - 12 Uhr und 15 - 17.30 Uhr. Bitte unbedingt einen TERMIN vereinbaren: telefonisch (04451\/957110) oder per Online-Buchung. Vielen Dank!\",\"breadcrumb\":{\"@id\":\"https:\/\/xn--prfstelle-varel-0vb.de\/?page_id=133#breadcrumb\"},\"inLanguage\":\"de\",\"potentialAction\":[{\"@type\":\"ReadAction\",\"target\":[\"https:\/\/xn--prfstelle-varel-0vb.de\/?page_id=133\"]}]},{\"@type\":\"BreadcrumbList\",\"@id\":\"https:\/\/xn--prfstelle-varel-0vb.de\/?page_id=133#breadcrumb\",\"itemListElement\":[{\"@type\":\"ListItem\",\"position\":1,\"name\":\"Startseite\",\"item\":\"https:\/\/xn--prfstelle-varel-0vb.de\/\"},{\"@type\":\"ListItem\",\"position\":2,\"name\":\"\u00d6ffnungszeiten\"}]},{\"@type\":\"WebSite\",\"@id\":\"https:\/\/xn--prfstelle-varel-0vb.de\/#website\",\"url\":\"https:\/\/xn--prfstelle-varel-0vb.de\/\",\"name\":\"GT\u00dc Kfz-Pr\u00fcfstelle, Ing.-B\u00fcro Reelf Gerdes\",\"description\":\"EINFACH und SICHER zur neuen Plakette!\",\"publisher\":{\"@id\":\"https:\/\/xn--prfstelle-varel-0vb.de\/#organization\"},\"potentialAction\":[{\"@type\":\"SearchAction\",\"target\":{\"@type\":\"EntryPoint\",\"urlTemplate\":\"https:\/\/xn--prfstelle-varel-0vb.de\/?s={search_term_string}\"},\"query-input\":{\"@type\":\"PropertyValueSpecification\",\"valueRequired\":true,\"valueName\":\"search_term_string\"}}],\"inLanguage\":\"de\"},{\"@type\":\"Organization\",\"@id\":\"https:\/\/xn--prfstelle-varel-0vb.de\/#organization\",\"name\":\"GT\u00dc Kfz-Pr\u00fcfstelle\",\"url\":\"https:\/\/xn--prfstelle-varel-0vb.de\/\",\"logo\":{\"@type\":\"ImageObject\",\"inLanguage\":\"de\",\"@id\":\"https:\/\/xn--prfstelle-varel-0vb.de\/#\/schema\/logo\/image\/\",\"url\":\"https:\/\/xn--prfstelle-varel-0vb.de\/wp-content\/uploads\/2021\/04\/cropped-cropped-cropped-IMG_20160307_150246-scaled-2-1-e1617613682540.jpg\",\"contentUrl\":\"https:\/\/xn--prfstelle-varel-0vb.de\/wp-content\/uploads\/2021\/04\/cropped-cropped-cropped-IMG_20160307_150246-scaled-2-1-e1617613682540.jpg\",\"width\":1500,\"height\":595,\"caption\":\"GT\u00dc Kfz-Pr\u00fcfstelle\"},\"image\":{\"@id\":\"https:\/\/xn--prfstelle-varel-0vb.de\/#\/schema\/logo\/image\/\"}}]}<\/script>\n<!-- \/ Yoast SEO plugin. -->","yoast_head_json":{"title":"\u00d6ffnungszeiten - GT\u00dc Kfz-Pr\u00fcfstelle, Ing.-B\u00fcro Reelf Gerdes","description":"Montag - Freitag: 9 - 12 Uhr und 15 - 17.30 Uhr. Bitte unbedingt einen TERMIN vereinbaren: telefonisch (04451\/957110) oder per Online-Buchung. Vielen Dank!","robots":{"index":"index","follow":"follow","max-snippet":"max-snippet:-1","max-image-preview":"max-image-preview:large","max-video-preview":"max-video-preview:-1"},"canonical":"https:\/\/xn--prfstelle-varel-0vb.de\/?page_id=133","og_locale":"de_DE","og_type":"article","og_title":"\u00d6ffnungszeiten - GT\u00dc Kfz-Pr\u00fcfstelle, Ing.-B\u00fcro Reelf Gerdes","og_description":"Montag - Freitag: 9 - 12 Uhr und 15 - 17.30 Uhr. Bitte unbedingt einen TERMIN vereinbaren: telefonisch (04451\/957110) oder per Online-Buchung. Vielen Dank!","og_url":"https:\/\/xn--prfstelle-varel-0vb.de\/?page_id=133","og_site_name":"GT\u00dc Kfz-Pr\u00fcfstelle, Ing.-B\u00fcro Reelf Gerdes","article_modified_time":"2025-02-07T15:09:53+00:00","twitter_card":"summary_large_image","twitter_misc":{"Gesch\u00e4tzte Lesezeit":"1\u00a0Minute"},"schema":{"@context":"https:\/\/schema.org","@graph":[{"@type":"WebPage","@id":"https:\/\/xn--prfstelle-varel-0vb.de\/?page_id=133","url":"https:\/\/xn--prfstelle-varel-0vb.de\/?page_id=133","name":"\u00d6ffnungszeiten - GT\u00dc Kfz-Pr\u00fcfstelle, Ing.-B\u00fcro Reelf Gerdes","isPartOf":{"@id":"https:\/\/xn--prfstelle-varel-0vb.de\/#website"},"datePublished":"2021-04-05T13:51:00+00:00","dateModified":"2025-02-07T15:09:53+00:00","description":"Montag - Freitag: 9 - 12 Uhr und 15 - 17.30 Uhr. Bitte unbedingt einen TERMIN vereinbaren: telefonisch (04451\/957110) oder per Online-Buchung. Vielen Dank!","breadcrumb":{"@id":"https:\/\/xn--prfstelle-varel-0vb.de\/?page_id=133#breadcrumb"},"inLanguage":"de","potentialAction":[{"@type":"ReadAction","target":["https:\/\/xn--prfstelle-varel-0vb.de\/?page_id=133"]}]},{"@type":"BreadcrumbList","@id":"https:\/\/xn--prfstelle-varel-0vb.de\/?page_id=133#breadcrumb","itemListElement":[{"@type":"ListItem","position":1,"name":"Startseite","item":"https:\/\/xn--prfstelle-varel-0vb.de\/"},{"@type":"ListItem","position":2,"name":"\u00d6ffnungszeiten"}]},{"@type":"WebSite","@id":"https:\/\/xn--prfstelle-varel-0vb.de\/#website","url":"https:\/\/xn--prfstelle-varel-0vb.de\/","name":"GT\u00dc Kfz-Pr\u00fcfstelle, Ing.-B\u00fcro Reelf Gerdes","description":"EINFACH und SICHER zur neuen Plakette!","publisher":{"@id":"https:\/\/xn--prfstelle-varel-0vb.de\/#organization"},"potentialAction":[{"@type":"SearchAction","target":{"@type":"EntryPoint","urlTemplate":"https:\/\/xn--prfstelle-varel-0vb.de\/?s={search_term_string}"},"query-input":{"@type":"PropertyValueSpecification","valueRequired":true,"valueName":"search_term_string"}}],"inLanguage":"de"},{"@type":"Organization","@id":"https:\/\/xn--prfstelle-varel-0vb.de\/#organization","name":"GT\u00dc Kfz-Pr\u00fcfstelle","url":"https:\/\/xn--prfstelle-varel-0vb.de\/","logo":{"@type":"ImageObject","inLanguage":"de","@id":"https:\/\/xn--prfstelle-varel-0vb.de\/#\/schema\/logo\/image\/","url":"https:\/\/xn--prfstelle-varel-0vb.de\/wp-content\/uploads\/2021\/04\/cropped-cropped-cropped-IMG_20160307_150246-scaled-2-1-e1617613682540.jpg","contentUrl":"https:\/\/xn--prfstelle-varel-0vb.de\/wp-content\/uploads\/2021\/04\/cropped-cropped-cropped-IMG_20160307_150246-scaled-2-1-e1617613682540.jpg","width":1500,"height":595,"caption":"GT\u00dc Kfz-Pr\u00fcfstelle"},"image":{"@id":"https:\/\/xn--prfstelle-varel-0vb.de\/#\/schema\/logo\/image\/"}}]}},"_links":{"self":[{"href":"https:\/\/xn--prfstelle-varel-0vb.de\/index.php?rest_route=\/wp\/v2\/pages\/133","targetHints":{"allow":["GET"]}}],"collection":[{"href":"https:\/\/xn--prfstelle-varel-0vb.de\/index.php?rest_route=\/wp\/v2\/pages"}],"about":[{"href":"https:\/\/xn--prfstelle-varel-0vb.de\/index.php?rest_route=\/wp\/v2\/types\/page"}],"author":[{"embeddable":true,"href":"https:\/\/xn--prfstelle-varel-0vb.de\/index.php?rest_route=\/wp\/v2\/users\/1"}],"replies":[{"embeddable":true,"href":"https:\/\/xn--prfstelle-varel-0vb.de\/index.php?rest_route=%2Fwp%2Fv2%2Fcomments&post=133"}],"version-history":[{"count":20,"href":"https:\/\/xn--prfstelle-varel-0vb.de\/index.php?rest_route=\/wp\/v2\/pages\/133\/revisions"}],"predecessor-version":[{"id":346,"href":"https:\/\/xn--prfstelle-varel-0vb.de\/index.php?rest_route=\/wp\/v2\/pages\/133\/revisions\/346"}],"wp:attachment":[{"href":"https:\/\/xn--prfstelle-varel-0vb.de\/index.php?rest_route=%2Fwp%2Fv2%2Fmedia&parent=133"}],"curies":[{"name":"wp","href":"https:\/\/api.w.org\/{rel}","templated":true}]}}