{"id":131,"date":"2021-04-05T13:51:00","date_gmt":"2021-04-05T13:51:00","guid":{"rendered":"https:\/\/xn--prfstelle-varel-0vb.de\/?page_id=131"},"modified":"2022-01-29T16:22:48","modified_gmt":"2022-01-29T16:22:48","slug":"oldtimergutachten","status":"publish","type":"page","link":"https:\/\/xn--prfstelle-varel-0vb.de\/?page_id=131","title":{"rendered":"Oldtimergutachten"},"content":{"rendered":"\n<h4 class=\"wp-block-heading\"><strong>Auch die Pr\u00fcfingenieure der GT\u00dc mbH sind berechtigt, Oldtimergutachten gem\u00e4\u00df \u00a7 23 StVZO zur Erlangung einer H-Zulassung oder eines roten 07er-Kennzeichens durchzuf\u00fchren.<\/strong><\/h4>\n\n\n\n<p>Bei&nbsp;positiver Begutachtung erh\u00e4lt der Halter finanzielle Vorteile durch&nbsp;verminderte Unterhaltskosten bei Nutzung eines 07er-Kennzeichens oder&nbsp;des H-Kennzeichens (pauschale Kfz-Steuer).<br><br>Die Oldtimerbegutachtung umfasst eine Untersuchung im Umfang einer Hauptuntersuchung (gem\u00e4\u00df \u00a7 29 StVZO) sowie die sachverst\u00e4ndige Begutachtung des Pflege-\/Erhaltungszustands des Gesamtfahrzeugs und der Originalit\u00e4t seiner Hauptbaugruppen. Zu den relevanten Hauptbaugruppen eines Oldtimers z\u00e4hlen Aufbau\/Karosserie, Rahmen\/Fahrwerk, Motor\/Antrieb, Bremsanlage, Lenkung, R\u00e4der\/Reifen, elektrische Anlage und der Fahrzeuginnenraum.<br><br>Wir sind dabei in hoheitlichem Auftrag t\u00e4tig und arbeiten im Namen und f\u00fcr&nbsp;Rechnung der GT\u00dc mbH. Wir setzen die in \u00a7 23 StVZO und der dazu geltenden Richtlinie vorgeschriebenen Bestimmungen um und dienen damit der Verkehrssicherheit.<br><br>Bei Fragen zu Ihrem Oldtimer wenden Sie sich bitte direkt an uns. Wir k\u00f6nnen Ihnen auch weiterhelfen, wenn es um die z\u00fcgige Beibringung von speziellen Unterlagen (Brosch\u00fcren, Datenbl\u00e4tter, Testberichten usw.) zu ihrem&nbsp;Fahrzeug geht.<\/p>\n","protected":false},"excerpt":{"rendered":"<p>Auch die Pr\u00fcfingenieure der GT\u00dc mbH sind berechtigt, Oldtimergutachten gem\u00e4\u00df \u00a7 23 StVZO zur Erlangung einer H-Zulassung oder eines roten 07er-Kennzeichens durchzuf\u00fchren. Bei&nbsp;positiver Begutachtung erh\u00e4lt der Halter finanzielle Vorteile durch&nbsp;verminderte Unterhaltskosten bei Nutzung eines 07er-Kennzeichens oder&nbsp;des H-Kennzeichens (pauschale Kfz-Steuer). Die Oldtimerbegutachtung umfasst eine Untersuchung im Umfang einer Hauptuntersuchung (gem\u00e4\u00df \u00a7 29 StVZO) sowie die sachverst\u00e4ndige [&hellip;]<\/p>\n","protected":false},"author":1,"featured_media":0,"parent":0,"menu_order":0,"comment_status":"closed","ping_status":"closed","template":"","meta":{"footnotes":""},"class_list":["post-131","page","type-page","status-publish","hentry"],"yoast_head":"<!-- This site is optimized with the Yoast SEO plugin v26.8 - https:\/\/yoast.com\/product\/yoast-seo-wordpress\/ -->\n<title>Oldtimergutachten - GT\u00dc Kfz-Pr\u00fcfstelle, Ing.-B\u00fcro Reelf Gerdes<\/title>\n<meta name=\"description\" content=\"Auch die Pr\u00fcfingenieure der GT\u00dc mbH sind berechtigt, Oldtimergutachten gem\u00e4\u00df \u00a7 23 StVZO zur Erlangung einer H-Zulassung oder eines roten 07er-Kennzeichens durchzuf\u00fchren.Bei positiver Begutachtung erh\u00e4lt der Halter finanzielle Vorteile durch verminderte Unterhaltskosten bei Nutzung eines 07er-Kennzeichens oder des H-Kennzeichens (pauschale Kfz-Steuer).Die Oldtimerbegutachtung umfasst eine Untersuchung im Umfang einer Hauptuntersuchung (gem\u00e4\u00df \u00a7 29 StVZO) sowie die sachverst\u00e4ndige Begutachtung des Pflege-\/Erhaltungszustands des Gesamtfahrzeugs und der Originalit\u00e4t seiner Hauptbaugruppen. Zu den relevanten Hauptbaugruppen eines Oldtimers z\u00e4hlen Aufbau\/Karosserie, Rahmen\/Fahrwerk, Motor\/Antrieb, Bremsanlage, Lenkung, R\u00e4der\/Reifen, elektrische Anlage und der Fahrzeuginnenraum.Wir sind dabei in hoheitlichem Auftrag t\u00e4tig und arbeiten im Namen und f\u00fcr Rechnung der GT\u00dc mbH. Wir setzen die in \u00a7 23 StVZO und der dazu geltenden Richtlinie vorgeschriebenen Bestimmungen um und dienen damit der Verkehrssicherheit.Bei Fragen zu Ihrem Oldtimer wenden Sie sich bitte direkt an uns. Wir k\u00f6nnen Ihnen auch weiterhelfen, wenn es um die z\u00fcgige Beibringung von speziellen Unterlagen (Brosch\u00fcren, Datenbl\u00e4tter, Testberichten usw.) zu ihrem Fahrzeug geht.\" \/>\n<meta name=\"robots\" content=\"index, follow, max-snippet:-1, max-image-preview:large, max-video-preview:-1\" \/>\n<link rel=\"canonical\" href=\"https:\/\/xn--prfstelle-varel-0vb.de\/?page_id=131\" \/>\n<meta property=\"og:locale\" content=\"de_DE\" \/>\n<meta property=\"og:type\" content=\"article\" \/>\n<meta property=\"og:title\" content=\"Oldtimergutachten - GT\u00dc Kfz-Pr\u00fcfstelle, Ing.-B\u00fcro Reelf Gerdes\" \/>\n<meta property=\"og:description\" content=\"Auch die Pr\u00fcfingenieure der GT\u00dc mbH sind berechtigt, Oldtimergutachten gem\u00e4\u00df \u00a7 23 StVZO zur Erlangung einer H-Zulassung oder eines roten 07er-Kennzeichens durchzuf\u00fchren.Bei positiver Begutachtung erh\u00e4lt der Halter finanzielle Vorteile durch verminderte Unterhaltskosten bei Nutzung eines 07er-Kennzeichens oder des H-Kennzeichens (pauschale Kfz-Steuer).Die Oldtimerbegutachtung umfasst eine Untersuchung im Umfang einer Hauptuntersuchung (gem\u00e4\u00df \u00a7 29 StVZO) sowie die sachverst\u00e4ndige Begutachtung des Pflege-\/Erhaltungszustands des Gesamtfahrzeugs und der Originalit\u00e4t seiner Hauptbaugruppen. Zu den relevanten Hauptbaugruppen eines Oldtimers z\u00e4hlen Aufbau\/Karosserie, Rahmen\/Fahrwerk, Motor\/Antrieb, Bremsanlage, Lenkung, R\u00e4der\/Reifen, elektrische Anlage und der Fahrzeuginnenraum.Wir sind dabei in hoheitlichem Auftrag t\u00e4tig und arbeiten im Namen und f\u00fcr Rechnung der GT\u00dc mbH. Wir setzen die in \u00a7 23 StVZO und der dazu geltenden Richtlinie vorgeschriebenen Bestimmungen um und dienen damit der Verkehrssicherheit.Bei Fragen zu Ihrem Oldtimer wenden Sie sich bitte direkt an uns. Wir k\u00f6nnen Ihnen auch weiterhelfen, wenn es um die z\u00fcgige Beibringung von speziellen Unterlagen (Brosch\u00fcren, Datenbl\u00e4tter, Testberichten usw.) zu ihrem Fahrzeug geht.\" \/>\n<meta property=\"og:url\" content=\"https:\/\/xn--prfstelle-varel-0vb.de\/?page_id=131\" \/>\n<meta property=\"og:site_name\" content=\"GT\u00dc Kfz-Pr\u00fcfstelle, Ing.-B\u00fcro Reelf Gerdes\" \/>\n<meta property=\"article:modified_time\" content=\"2022-01-29T16:22:48+00:00\" \/>\n<meta name=\"twitter:card\" content=\"summary_large_image\" \/>\n<meta name=\"twitter:label1\" content=\"Gesch\u00e4tzte Lesezeit\" \/>\n\t<meta name=\"twitter:data1\" content=\"1\u00a0Minute\" \/>\n<script type=\"application\/ld+json\" class=\"yoast-schema-graph\">{\"@context\":\"https:\/\/schema.org\",\"@graph\":[{\"@type\":\"WebPage\",\"@id\":\"https:\/\/xn--prfstelle-varel-0vb.de\/?page_id=131\",\"url\":\"https:\/\/xn--prfstelle-varel-0vb.de\/?page_id=131\",\"name\":\"Oldtimergutachten - GT\u00dc Kfz-Pr\u00fcfstelle, Ing.-B\u00fcro Reelf Gerdes\",\"isPartOf\":{\"@id\":\"https:\/\/xn--prfstelle-varel-0vb.de\/#website\"},\"datePublished\":\"2021-04-05T13:51:00+00:00\",\"dateModified\":\"2022-01-29T16:22:48+00:00\",\"description\":\"Auch die Pr\u00fcfingenieure der GT\u00dc mbH sind berechtigt, Oldtimergutachten gem\u00e4\u00df \u00a7 23 StVZO zur Erlangung einer H-Zulassung oder eines roten 07er-Kennzeichens durchzuf\u00fchren.Bei positiver Begutachtung erh\u00e4lt der Halter finanzielle Vorteile durch verminderte Unterhaltskosten bei Nutzung eines 07er-Kennzeichens oder des H-Kennzeichens (pauschale Kfz-Steuer).Die Oldtimerbegutachtung umfasst eine Untersuchung im Umfang einer Hauptuntersuchung (gem\u00e4\u00df \u00a7 29 StVZO) sowie die sachverst\u00e4ndige Begutachtung des Pflege-\/Erhaltungszustands des Gesamtfahrzeugs und der Originalit\u00e4t seiner Hauptbaugruppen. Zu den relevanten Hauptbaugruppen eines Oldtimers z\u00e4hlen Aufbau\/Karosserie, Rahmen\/Fahrwerk, Motor\/Antrieb, Bremsanlage, Lenkung, R\u00e4der\/Reifen, elektrische Anlage und der Fahrzeuginnenraum.Wir sind dabei in hoheitlichem Auftrag t\u00e4tig und arbeiten im Namen und f\u00fcr Rechnung der GT\u00dc mbH. Wir setzen die in \u00a7 23 StVZO und der dazu geltenden Richtlinie vorgeschriebenen Bestimmungen um und dienen damit der Verkehrssicherheit.Bei Fragen zu Ihrem Oldtimer wenden Sie sich bitte direkt an uns. Wir k\u00f6nnen Ihnen auch weiterhelfen, wenn es um die z\u00fcgige Beibringung von speziellen Unterlagen (Brosch\u00fcren, Datenbl\u00e4tter, Testberichten usw.) zu ihrem Fahrzeug geht.\",\"breadcrumb\":{\"@id\":\"https:\/\/xn--prfstelle-varel-0vb.de\/?page_id=131#breadcrumb\"},\"inLanguage\":\"de\",\"potentialAction\":[{\"@type\":\"ReadAction\",\"target\":[\"https:\/\/xn--prfstelle-varel-0vb.de\/?page_id=131\"]}]},{\"@type\":\"BreadcrumbList\",\"@id\":\"https:\/\/xn--prfstelle-varel-0vb.de\/?page_id=131#breadcrumb\",\"itemListElement\":[{\"@type\":\"ListItem\",\"position\":1,\"name\":\"Startseite\",\"item\":\"https:\/\/xn--prfstelle-varel-0vb.de\/\"},{\"@type\":\"ListItem\",\"position\":2,\"name\":\"Oldtimergutachten\"}]},{\"@type\":\"WebSite\",\"@id\":\"https:\/\/xn--prfstelle-varel-0vb.de\/#website\",\"url\":\"https:\/\/xn--prfstelle-varel-0vb.de\/\",\"name\":\"GT\u00dc Kfz-Pr\u00fcfstelle, Ing.-B\u00fcro Reelf Gerdes\",\"description\":\"EINFACH und SICHER zur neuen Plakette!\",\"publisher\":{\"@id\":\"https:\/\/xn--prfstelle-varel-0vb.de\/#organization\"},\"potentialAction\":[{\"@type\":\"SearchAction\",\"target\":{\"@type\":\"EntryPoint\",\"urlTemplate\":\"https:\/\/xn--prfstelle-varel-0vb.de\/?s={search_term_string}\"},\"query-input\":{\"@type\":\"PropertyValueSpecification\",\"valueRequired\":true,\"valueName\":\"search_term_string\"}}],\"inLanguage\":\"de\"},{\"@type\":\"Organization\",\"@id\":\"https:\/\/xn--prfstelle-varel-0vb.de\/#organization\",\"name\":\"GT\u00dc Kfz-Pr\u00fcfstelle\",\"url\":\"https:\/\/xn--prfstelle-varel-0vb.de\/\",\"logo\":{\"@type\":\"ImageObject\",\"inLanguage\":\"de\",\"@id\":\"https:\/\/xn--prfstelle-varel-0vb.de\/#\/schema\/logo\/image\/\",\"url\":\"https:\/\/xn--prfstelle-varel-0vb.de\/wp-content\/uploads\/2021\/04\/cropped-cropped-cropped-IMG_20160307_150246-scaled-2-1-e1617613682540.jpg\",\"contentUrl\":\"https:\/\/xn--prfstelle-varel-0vb.de\/wp-content\/uploads\/2021\/04\/cropped-cropped-cropped-IMG_20160307_150246-scaled-2-1-e1617613682540.jpg\",\"width\":1500,\"height\":595,\"caption\":\"GT\u00dc Kfz-Pr\u00fcfstelle\"},\"image\":{\"@id\":\"https:\/\/xn--prfstelle-varel-0vb.de\/#\/schema\/logo\/image\/\"}}]}<\/script>\n<!-- \/ Yoast SEO plugin. -->","yoast_head_json":{"title":"Oldtimergutachten - GT\u00dc Kfz-Pr\u00fcfstelle, Ing.-B\u00fcro Reelf Gerdes","description":"Auch die Pr\u00fcfingenieure der GT\u00dc mbH sind berechtigt, Oldtimergutachten gem\u00e4\u00df \u00a7 23 StVZO zur Erlangung einer H-Zulassung oder eines roten 07er-Kennzeichens durchzuf\u00fchren.Bei positiver Begutachtung erh\u00e4lt der Halter finanzielle Vorteile durch verminderte Unterhaltskosten bei Nutzung eines 07er-Kennzeichens oder des H-Kennzeichens (pauschale Kfz-Steuer).Die Oldtimerbegutachtung umfasst eine Untersuchung im Umfang einer Hauptuntersuchung (gem\u00e4\u00df \u00a7 29 StVZO) sowie die sachverst\u00e4ndige Begutachtung des Pflege-\/Erhaltungszustands des Gesamtfahrzeugs und der Originalit\u00e4t seiner Hauptbaugruppen. Zu den relevanten Hauptbaugruppen eines Oldtimers z\u00e4hlen Aufbau\/Karosserie, Rahmen\/Fahrwerk, Motor\/Antrieb, Bremsanlage, Lenkung, R\u00e4der\/Reifen, elektrische Anlage und der Fahrzeuginnenraum.Wir sind dabei in hoheitlichem Auftrag t\u00e4tig und arbeiten im Namen und f\u00fcr Rechnung der GT\u00dc mbH. Wir setzen die in \u00a7 23 StVZO und der dazu geltenden Richtlinie vorgeschriebenen Bestimmungen um und dienen damit der Verkehrssicherheit.Bei Fragen zu Ihrem Oldtimer wenden Sie sich bitte direkt an uns. Wir k\u00f6nnen Ihnen auch weiterhelfen, wenn es um die z\u00fcgige Beibringung von speziellen Unterlagen (Brosch\u00fcren, Datenbl\u00e4tter, Testberichten usw.) zu ihrem Fahrzeug geht.","robots":{"index":"index","follow":"follow","max-snippet":"max-snippet:-1","max-image-preview":"max-image-preview:large","max-video-preview":"max-video-preview:-1"},"canonical":"https:\/\/xn--prfstelle-varel-0vb.de\/?page_id=131","og_locale":"de_DE","og_type":"article","og_title":"Oldtimergutachten - GT\u00dc Kfz-Pr\u00fcfstelle, Ing.-B\u00fcro Reelf Gerdes","og_description":"Auch die Pr\u00fcfingenieure der GT\u00dc mbH sind berechtigt, Oldtimergutachten gem\u00e4\u00df \u00a7 23 StVZO zur Erlangung einer H-Zulassung oder eines roten 07er-Kennzeichens durchzuf\u00fchren.Bei positiver Begutachtung erh\u00e4lt der Halter finanzielle Vorteile durch verminderte Unterhaltskosten bei Nutzung eines 07er-Kennzeichens oder des H-Kennzeichens (pauschale Kfz-Steuer).Die Oldtimerbegutachtung umfasst eine Untersuchung im Umfang einer Hauptuntersuchung (gem\u00e4\u00df \u00a7 29 StVZO) sowie die sachverst\u00e4ndige Begutachtung des Pflege-\/Erhaltungszustands des Gesamtfahrzeugs und der Originalit\u00e4t seiner Hauptbaugruppen. Zu den relevanten Hauptbaugruppen eines Oldtimers z\u00e4hlen Aufbau\/Karosserie, Rahmen\/Fahrwerk, Motor\/Antrieb, Bremsanlage, Lenkung, R\u00e4der\/Reifen, elektrische Anlage und der Fahrzeuginnenraum.Wir sind dabei in hoheitlichem Auftrag t\u00e4tig und arbeiten im Namen und f\u00fcr Rechnung der GT\u00dc mbH. Wir setzen die in \u00a7 23 StVZO und der dazu geltenden Richtlinie vorgeschriebenen Bestimmungen um und dienen damit der Verkehrssicherheit.Bei Fragen zu Ihrem Oldtimer wenden Sie sich bitte direkt an uns. Wir k\u00f6nnen Ihnen auch weiterhelfen, wenn es um die z\u00fcgige Beibringung von speziellen Unterlagen (Brosch\u00fcren, Datenbl\u00e4tter, Testberichten usw.) zu ihrem Fahrzeug geht.","og_url":"https:\/\/xn--prfstelle-varel-0vb.de\/?page_id=131","og_site_name":"GT\u00dc Kfz-Pr\u00fcfstelle, Ing.-B\u00fcro Reelf Gerdes","article_modified_time":"2022-01-29T16:22:48+00:00","twitter_card":"summary_large_image","twitter_misc":{"Gesch\u00e4tzte Lesezeit":"1\u00a0Minute"},"schema":{"@context":"https:\/\/schema.org","@graph":[{"@type":"WebPage","@id":"https:\/\/xn--prfstelle-varel-0vb.de\/?page_id=131","url":"https:\/\/xn--prfstelle-varel-0vb.de\/?page_id=131","name":"Oldtimergutachten - GT\u00dc Kfz-Pr\u00fcfstelle, Ing.-B\u00fcro Reelf Gerdes","isPartOf":{"@id":"https:\/\/xn--prfstelle-varel-0vb.de\/#website"},"datePublished":"2021-04-05T13:51:00+00:00","dateModified":"2022-01-29T16:22:48+00:00","description":"Auch die Pr\u00fcfingenieure der GT\u00dc mbH sind berechtigt, Oldtimergutachten gem\u00e4\u00df \u00a7 23 StVZO zur Erlangung einer H-Zulassung oder eines roten 07er-Kennzeichens durchzuf\u00fchren.Bei positiver Begutachtung erh\u00e4lt der Halter finanzielle Vorteile durch verminderte Unterhaltskosten bei Nutzung eines 07er-Kennzeichens oder des H-Kennzeichens (pauschale Kfz-Steuer).Die Oldtimerbegutachtung umfasst eine Untersuchung im Umfang einer Hauptuntersuchung (gem\u00e4\u00df \u00a7 29 StVZO) sowie die sachverst\u00e4ndige Begutachtung des Pflege-\/Erhaltungszustands des Gesamtfahrzeugs und der Originalit\u00e4t seiner Hauptbaugruppen. Zu den relevanten Hauptbaugruppen eines Oldtimers z\u00e4hlen Aufbau\/Karosserie, Rahmen\/Fahrwerk, Motor\/Antrieb, Bremsanlage, Lenkung, R\u00e4der\/Reifen, elektrische Anlage und der Fahrzeuginnenraum.Wir sind dabei in hoheitlichem Auftrag t\u00e4tig und arbeiten im Namen und f\u00fcr Rechnung der GT\u00dc mbH. Wir setzen die in \u00a7 23 StVZO und der dazu geltenden Richtlinie vorgeschriebenen Bestimmungen um und dienen damit der Verkehrssicherheit.Bei Fragen zu Ihrem Oldtimer wenden Sie sich bitte direkt an uns. Wir k\u00f6nnen Ihnen auch weiterhelfen, wenn es um die z\u00fcgige Beibringung von speziellen Unterlagen (Brosch\u00fcren, Datenbl\u00e4tter, Testberichten usw.) zu ihrem Fahrzeug geht.","breadcrumb":{"@id":"https:\/\/xn--prfstelle-varel-0vb.de\/?page_id=131#breadcrumb"},"inLanguage":"de","potentialAction":[{"@type":"ReadAction","target":["https:\/\/xn--prfstelle-varel-0vb.de\/?page_id=131"]}]},{"@type":"BreadcrumbList","@id":"https:\/\/xn--prfstelle-varel-0vb.de\/?page_id=131#breadcrumb","itemListElement":[{"@type":"ListItem","position":1,"name":"Startseite","item":"https:\/\/xn--prfstelle-varel-0vb.de\/"},{"@type":"ListItem","position":2,"name":"Oldtimergutachten"}]},{"@type":"WebSite","@id":"https:\/\/xn--prfstelle-varel-0vb.de\/#website","url":"https:\/\/xn--prfstelle-varel-0vb.de\/","name":"GT\u00dc Kfz-Pr\u00fcfstelle, Ing.-B\u00fcro Reelf Gerdes","description":"EINFACH und SICHER zur neuen Plakette!","publisher":{"@id":"https:\/\/xn--prfstelle-varel-0vb.de\/#organization"},"potentialAction":[{"@type":"SearchAction","target":{"@type":"EntryPoint","urlTemplate":"https:\/\/xn--prfstelle-varel-0vb.de\/?s={search_term_string}"},"query-input":{"@type":"PropertyValueSpecification","valueRequired":true,"valueName":"search_term_string"}}],"inLanguage":"de"},{"@type":"Organization","@id":"https:\/\/xn--prfstelle-varel-0vb.de\/#organization","name":"GT\u00dc Kfz-Pr\u00fcfstelle","url":"https:\/\/xn--prfstelle-varel-0vb.de\/","logo":{"@type":"ImageObject","inLanguage":"de","@id":"https:\/\/xn--prfstelle-varel-0vb.de\/#\/schema\/logo\/image\/","url":"https:\/\/xn--prfstelle-varel-0vb.de\/wp-content\/uploads\/2021\/04\/cropped-cropped-cropped-IMG_20160307_150246-scaled-2-1-e1617613682540.jpg","contentUrl":"https:\/\/xn--prfstelle-varel-0vb.de\/wp-content\/uploads\/2021\/04\/cropped-cropped-cropped-IMG_20160307_150246-scaled-2-1-e1617613682540.jpg","width":1500,"height":595,"caption":"GT\u00dc Kfz-Pr\u00fcfstelle"},"image":{"@id":"https:\/\/xn--prfstelle-varel-0vb.de\/#\/schema\/logo\/image\/"}}]}},"_links":{"self":[{"href":"https:\/\/xn--prfstelle-varel-0vb.de\/index.php?rest_route=\/wp\/v2\/pages\/131","targetHints":{"allow":["GET"]}}],"collection":[{"href":"https:\/\/xn--prfstelle-varel-0vb.de\/index.php?rest_route=\/wp\/v2\/pages"}],"about":[{"href":"https:\/\/xn--prfstelle-varel-0vb.de\/index.php?rest_route=\/wp\/v2\/types\/page"}],"author":[{"embeddable":true,"href":"https:\/\/xn--prfstelle-varel-0vb.de\/index.php?rest_route=\/wp\/v2\/users\/1"}],"replies":[{"embeddable":true,"href":"https:\/\/xn--prfstelle-varel-0vb.de\/index.php?rest_route=%2Fwp%2Fv2%2Fcomments&post=131"}],"version-history":[{"count":5,"href":"https:\/\/xn--prfstelle-varel-0vb.de\/index.php?rest_route=\/wp\/v2\/pages\/131\/revisions"}],"predecessor-version":[{"id":182,"href":"https:\/\/xn--prfstelle-varel-0vb.de\/index.php?rest_route=\/wp\/v2\/pages\/131\/revisions\/182"}],"wp:attachment":[{"href":"https:\/\/xn--prfstelle-varel-0vb.de\/index.php?rest_route=%2Fwp%2Fv2%2Fmedia&parent=131"}],"curies":[{"name":"wp","href":"https:\/\/api.w.org\/{rel}","templated":true}]}}