{"id":118,"date":"2021-04-05T13:37:01","date_gmt":"2021-04-05T13:37:01","guid":{"rendered":"https:\/\/xn--prfstelle-varel-0vb.de\/?page_id=118"},"modified":"2022-01-29T16:37:14","modified_gmt":"2022-01-29T16:37:14","slug":"aenderungsabnahme","status":"publish","type":"page","link":"https:\/\/xn--prfstelle-varel-0vb.de\/?page_id=118","title":{"rendered":"\u00c4nderungsabnahme"},"content":{"rendered":"\n<h4 class=\"wp-block-heading\"><strong>Die \u00c4nderungsabnahme sowie die Eintragung f\u00fcr Ihr Fahrzeug (R\u00e4der\/Reifen, An- &amp; Umbauten, Tieferlegung) gibt&#8217;s bei uns.<\/strong><\/h4>\n\n\n\n<p>Bei Fahrzeuganbauten, -umbauten und -\u00e4nderungen begutachten wir die Fahrzeuge und dokumentieren die Ver\u00e4nderungen&nbsp;nach \u00a7 19 (3) StVZO in einer \u00c4nderungsabnahmebescheinigung. Dazu geh\u00f6ren etwa die Umr\u00fcstung auf andere R\u00e4der oder Reifen und Ver\u00e4nderungen am Fahrwerk (z.B. Tieferlegung).<\/p>\n\n\n\n<p>Sonderr\u00e4der, Spoiler, Tieferlegungen, Leistungssteigerungen? Wir nehmen unter Ber\u00fccksichtigung der passenden Pr\u00fcfzeugnisse die technischen \u00c4nderungen an Ihrem Fahrzeug ab und auch die Eintragung vor.<br>&nbsp;<\/p>\n\n\n\n<h4 class=\"wp-block-heading\"><strong>Teilegutachten<\/strong><\/h4>\n\n\n\n<p>Falls Sie das passende Teilegutachten\/Teilegenehmigung nicht mehr greifbar haben: kein Problem! Wir haben Zugriff auf alle g\u00fcltigen Bauartgenehmigungen, Teilegutachten und allgemeine Betriebserlaubnisse.<\/p>\n","protected":false},"excerpt":{"rendered":"<p>Die \u00c4nderungsabnahme sowie die Eintragung f\u00fcr Ihr Fahrzeug (R\u00e4der\/Reifen, An- &amp; Umbauten, Tieferlegung) gibt&#8217;s bei uns. Bei Fahrzeuganbauten, -umbauten und -\u00e4nderungen begutachten wir die Fahrzeuge und dokumentieren die Ver\u00e4nderungen&nbsp;nach \u00a7 19 (3) StVZO in einer \u00c4nderungsabnahmebescheinigung. Dazu geh\u00f6ren etwa die Umr\u00fcstung auf andere R\u00e4der oder Reifen und Ver\u00e4nderungen am Fahrwerk (z.B. Tieferlegung). Sonderr\u00e4der, Spoiler, Tieferlegungen, [&hellip;]<\/p>\n","protected":false},"author":1,"featured_media":0,"parent":0,"menu_order":0,"comment_status":"closed","ping_status":"closed","template":"","meta":{"footnotes":""},"class_list":["post-118","page","type-page","status-publish","hentry"],"yoast_head":"<!-- This site is optimized with the Yoast SEO plugin v26.8 - https:\/\/yoast.com\/product\/yoast-seo-wordpress\/ -->\n<title>\u00c4nderungsabnahme - GT\u00dc Kfz-Pr\u00fcfstelle, Ing.-B\u00fcro Reelf Gerdes<\/title>\n<meta name=\"description\" content=\"Die \u00c4nderungsabnahme sowie die Eintragung f\u00fcr Ihr Fahrzeug (R\u00e4der\/Reifen, An- &amp; Umbauten, Tieferlegung) gibt&#039;s bei uns. Bei Fahrzeuganbauten, -umbauten und -\u00e4nderungen begutachten wir die Fahrzeuge und dokumentieren die Ver\u00e4nderungen\u00a0nach \u00a7 19 (3) StVZO in einer \u00c4nderungsabnahmebescheinigung. Dazu geh\u00f6ren etwa die Umr\u00fcstung auf andere R\u00e4der oder Reifen und Ver\u00e4nderungen am Fahrwerk (z.B. Tieferlegung). Sonderr\u00e4der, Spoiler, Tieferlegungen, Leistungssteigerungen? Wir nehmen unter Ber\u00fccksichtigung der passenden Pr\u00fcfzeugnisse die technischen \u00c4nderungen an Ihrem Fahrzeug ab und auch die Eintragung vor. Falls Sie das passende Teilegutachten\/Teilegenehmigung nicht mehr greifbar haben: kein Problem! Wir haben Zugriff auf alle g\u00fcltigen Bauartgenehmigungen, Teilegutachten und allgemeine Betriebserlaubnisse.\" \/>\n<meta name=\"robots\" content=\"index, follow, max-snippet:-1, max-image-preview:large, max-video-preview:-1\" \/>\n<link rel=\"canonical\" href=\"https:\/\/xn--prfstelle-varel-0vb.de\/?page_id=118\" \/>\n<meta property=\"og:locale\" content=\"de_DE\" \/>\n<meta property=\"og:type\" content=\"article\" \/>\n<meta property=\"og:title\" content=\"\u00c4nderungsabnahme - GT\u00dc Kfz-Pr\u00fcfstelle, Ing.-B\u00fcro Reelf Gerdes\" \/>\n<meta property=\"og:description\" content=\"Die \u00c4nderungsabnahme sowie die Eintragung f\u00fcr Ihr Fahrzeug (R\u00e4der\/Reifen, An- &amp; Umbauten, Tieferlegung) gibt&#039;s bei uns. Bei Fahrzeuganbauten, -umbauten und -\u00e4nderungen begutachten wir die Fahrzeuge und dokumentieren die Ver\u00e4nderungen\u00a0nach \u00a7 19 (3) StVZO in einer \u00c4nderungsabnahmebescheinigung. Dazu geh\u00f6ren etwa die Umr\u00fcstung auf andere R\u00e4der oder Reifen und Ver\u00e4nderungen am Fahrwerk (z.B. Tieferlegung). Sonderr\u00e4der, Spoiler, Tieferlegungen, Leistungssteigerungen? Wir nehmen unter Ber\u00fccksichtigung der passenden Pr\u00fcfzeugnisse die technischen \u00c4nderungen an Ihrem Fahrzeug ab und auch die Eintragung vor. Falls Sie das passende Teilegutachten\/Teilegenehmigung nicht mehr greifbar haben: kein Problem! Wir haben Zugriff auf alle g\u00fcltigen Bauartgenehmigungen, Teilegutachten und allgemeine Betriebserlaubnisse.\" \/>\n<meta property=\"og:url\" content=\"https:\/\/xn--prfstelle-varel-0vb.de\/?page_id=118\" \/>\n<meta property=\"og:site_name\" content=\"GT\u00dc Kfz-Pr\u00fcfstelle, Ing.-B\u00fcro Reelf Gerdes\" \/>\n<meta property=\"article:modified_time\" content=\"2022-01-29T16:37:14+00:00\" \/>\n<meta name=\"twitter:card\" content=\"summary_large_image\" \/>\n<meta name=\"twitter:label1\" content=\"Gesch\u00e4tzte Lesezeit\" \/>\n\t<meta name=\"twitter:data1\" content=\"1\u00a0Minute\" \/>\n<script type=\"application\/ld+json\" class=\"yoast-schema-graph\">{\"@context\":\"https:\/\/schema.org\",\"@graph\":[{\"@type\":\"WebPage\",\"@id\":\"https:\/\/xn--prfstelle-varel-0vb.de\/?page_id=118\",\"url\":\"https:\/\/xn--prfstelle-varel-0vb.de\/?page_id=118\",\"name\":\"\u00c4nderungsabnahme - GT\u00dc Kfz-Pr\u00fcfstelle, Ing.-B\u00fcro Reelf Gerdes\",\"isPartOf\":{\"@id\":\"https:\/\/xn--prfstelle-varel-0vb.de\/#website\"},\"datePublished\":\"2021-04-05T13:37:01+00:00\",\"dateModified\":\"2022-01-29T16:37:14+00:00\",\"description\":\"Die \u00c4nderungsabnahme sowie die Eintragung f\u00fcr Ihr Fahrzeug (R\u00e4der\/Reifen, An- & Umbauten, Tieferlegung) gibt's bei uns. Bei Fahrzeuganbauten, -umbauten und -\u00e4nderungen begutachten wir die Fahrzeuge und dokumentieren die Ver\u00e4nderungen\u00a0nach \u00a7 19 (3) StVZO in einer \u00c4nderungsabnahmebescheinigung. Dazu geh\u00f6ren etwa die Umr\u00fcstung auf andere R\u00e4der oder Reifen und Ver\u00e4nderungen am Fahrwerk (z.B. Tieferlegung). Sonderr\u00e4der, Spoiler, Tieferlegungen, Leistungssteigerungen? Wir nehmen unter Ber\u00fccksichtigung der passenden Pr\u00fcfzeugnisse die technischen \u00c4nderungen an Ihrem Fahrzeug ab und auch die Eintragung vor. Falls Sie das passende Teilegutachten\/Teilegenehmigung nicht mehr greifbar haben: kein Problem! Wir haben Zugriff auf alle g\u00fcltigen Bauartgenehmigungen, Teilegutachten und allgemeine Betriebserlaubnisse.\",\"breadcrumb\":{\"@id\":\"https:\/\/xn--prfstelle-varel-0vb.de\/?page_id=118#breadcrumb\"},\"inLanguage\":\"de\",\"potentialAction\":[{\"@type\":\"ReadAction\",\"target\":[\"https:\/\/xn--prfstelle-varel-0vb.de\/?page_id=118\"]}]},{\"@type\":\"BreadcrumbList\",\"@id\":\"https:\/\/xn--prfstelle-varel-0vb.de\/?page_id=118#breadcrumb\",\"itemListElement\":[{\"@type\":\"ListItem\",\"position\":1,\"name\":\"Startseite\",\"item\":\"https:\/\/xn--prfstelle-varel-0vb.de\/\"},{\"@type\":\"ListItem\",\"position\":2,\"name\":\"\u00c4nderungsabnahme\"}]},{\"@type\":\"WebSite\",\"@id\":\"https:\/\/xn--prfstelle-varel-0vb.de\/#website\",\"url\":\"https:\/\/xn--prfstelle-varel-0vb.de\/\",\"name\":\"GT\u00dc Kfz-Pr\u00fcfstelle, Ing.-B\u00fcro Reelf Gerdes\",\"description\":\"EINFACH und SICHER zur neuen Plakette!\",\"publisher\":{\"@id\":\"https:\/\/xn--prfstelle-varel-0vb.de\/#organization\"},\"potentialAction\":[{\"@type\":\"SearchAction\",\"target\":{\"@type\":\"EntryPoint\",\"urlTemplate\":\"https:\/\/xn--prfstelle-varel-0vb.de\/?s={search_term_string}\"},\"query-input\":{\"@type\":\"PropertyValueSpecification\",\"valueRequired\":true,\"valueName\":\"search_term_string\"}}],\"inLanguage\":\"de\"},{\"@type\":\"Organization\",\"@id\":\"https:\/\/xn--prfstelle-varel-0vb.de\/#organization\",\"name\":\"GT\u00dc Kfz-Pr\u00fcfstelle\",\"url\":\"https:\/\/xn--prfstelle-varel-0vb.de\/\",\"logo\":{\"@type\":\"ImageObject\",\"inLanguage\":\"de\",\"@id\":\"https:\/\/xn--prfstelle-varel-0vb.de\/#\/schema\/logo\/image\/\",\"url\":\"https:\/\/xn--prfstelle-varel-0vb.de\/wp-content\/uploads\/2021\/04\/cropped-cropped-cropped-IMG_20160307_150246-scaled-2-1-e1617613682540.jpg\",\"contentUrl\":\"https:\/\/xn--prfstelle-varel-0vb.de\/wp-content\/uploads\/2021\/04\/cropped-cropped-cropped-IMG_20160307_150246-scaled-2-1-e1617613682540.jpg\",\"width\":1500,\"height\":595,\"caption\":\"GT\u00dc Kfz-Pr\u00fcfstelle\"},\"image\":{\"@id\":\"https:\/\/xn--prfstelle-varel-0vb.de\/#\/schema\/logo\/image\/\"}}]}<\/script>\n<!-- \/ Yoast SEO plugin. -->","yoast_head_json":{"title":"\u00c4nderungsabnahme - GT\u00dc Kfz-Pr\u00fcfstelle, Ing.-B\u00fcro Reelf Gerdes","description":"Die \u00c4nderungsabnahme sowie die Eintragung f\u00fcr Ihr Fahrzeug (R\u00e4der\/Reifen, An- & Umbauten, Tieferlegung) gibt's bei uns. Bei Fahrzeuganbauten, -umbauten und -\u00e4nderungen begutachten wir die Fahrzeuge und dokumentieren die Ver\u00e4nderungen\u00a0nach \u00a7 19 (3) StVZO in einer \u00c4nderungsabnahmebescheinigung. Dazu geh\u00f6ren etwa die Umr\u00fcstung auf andere R\u00e4der oder Reifen und Ver\u00e4nderungen am Fahrwerk (z.B. Tieferlegung). Sonderr\u00e4der, Spoiler, Tieferlegungen, Leistungssteigerungen? Wir nehmen unter Ber\u00fccksichtigung der passenden Pr\u00fcfzeugnisse die technischen \u00c4nderungen an Ihrem Fahrzeug ab und auch die Eintragung vor. Falls Sie das passende Teilegutachten\/Teilegenehmigung nicht mehr greifbar haben: kein Problem! Wir haben Zugriff auf alle g\u00fcltigen Bauartgenehmigungen, Teilegutachten und allgemeine Betriebserlaubnisse.","robots":{"index":"index","follow":"follow","max-snippet":"max-snippet:-1","max-image-preview":"max-image-preview:large","max-video-preview":"max-video-preview:-1"},"canonical":"https:\/\/xn--prfstelle-varel-0vb.de\/?page_id=118","og_locale":"de_DE","og_type":"article","og_title":"\u00c4nderungsabnahme - GT\u00dc Kfz-Pr\u00fcfstelle, Ing.-B\u00fcro Reelf Gerdes","og_description":"Die \u00c4nderungsabnahme sowie die Eintragung f\u00fcr Ihr Fahrzeug (R\u00e4der\/Reifen, An- & Umbauten, Tieferlegung) gibt's bei uns. Bei Fahrzeuganbauten, -umbauten und -\u00e4nderungen begutachten wir die Fahrzeuge und dokumentieren die Ver\u00e4nderungen\u00a0nach \u00a7 19 (3) StVZO in einer \u00c4nderungsabnahmebescheinigung. Dazu geh\u00f6ren etwa die Umr\u00fcstung auf andere R\u00e4der oder Reifen und Ver\u00e4nderungen am Fahrwerk (z.B. Tieferlegung). Sonderr\u00e4der, Spoiler, Tieferlegungen, Leistungssteigerungen? Wir nehmen unter Ber\u00fccksichtigung der passenden Pr\u00fcfzeugnisse die technischen \u00c4nderungen an Ihrem Fahrzeug ab und auch die Eintragung vor. Falls Sie das passende Teilegutachten\/Teilegenehmigung nicht mehr greifbar haben: kein Problem! Wir haben Zugriff auf alle g\u00fcltigen Bauartgenehmigungen, Teilegutachten und allgemeine Betriebserlaubnisse.","og_url":"https:\/\/xn--prfstelle-varel-0vb.de\/?page_id=118","og_site_name":"GT\u00dc Kfz-Pr\u00fcfstelle, Ing.-B\u00fcro Reelf Gerdes","article_modified_time":"2022-01-29T16:37:14+00:00","twitter_card":"summary_large_image","twitter_misc":{"Gesch\u00e4tzte Lesezeit":"1\u00a0Minute"},"schema":{"@context":"https:\/\/schema.org","@graph":[{"@type":"WebPage","@id":"https:\/\/xn--prfstelle-varel-0vb.de\/?page_id=118","url":"https:\/\/xn--prfstelle-varel-0vb.de\/?page_id=118","name":"\u00c4nderungsabnahme - GT\u00dc Kfz-Pr\u00fcfstelle, Ing.-B\u00fcro Reelf Gerdes","isPartOf":{"@id":"https:\/\/xn--prfstelle-varel-0vb.de\/#website"},"datePublished":"2021-04-05T13:37:01+00:00","dateModified":"2022-01-29T16:37:14+00:00","description":"Die \u00c4nderungsabnahme sowie die Eintragung f\u00fcr Ihr Fahrzeug (R\u00e4der\/Reifen, An- & Umbauten, Tieferlegung) gibt's bei uns. Bei Fahrzeuganbauten, -umbauten und -\u00e4nderungen begutachten wir die Fahrzeuge und dokumentieren die Ver\u00e4nderungen\u00a0nach \u00a7 19 (3) StVZO in einer \u00c4nderungsabnahmebescheinigung. Dazu geh\u00f6ren etwa die Umr\u00fcstung auf andere R\u00e4der oder Reifen und Ver\u00e4nderungen am Fahrwerk (z.B. Tieferlegung). Sonderr\u00e4der, Spoiler, Tieferlegungen, Leistungssteigerungen? Wir nehmen unter Ber\u00fccksichtigung der passenden Pr\u00fcfzeugnisse die technischen \u00c4nderungen an Ihrem Fahrzeug ab und auch die Eintragung vor. Falls Sie das passende Teilegutachten\/Teilegenehmigung nicht mehr greifbar haben: kein Problem! Wir haben Zugriff auf alle g\u00fcltigen Bauartgenehmigungen, Teilegutachten und allgemeine Betriebserlaubnisse.","breadcrumb":{"@id":"https:\/\/xn--prfstelle-varel-0vb.de\/?page_id=118#breadcrumb"},"inLanguage":"de","potentialAction":[{"@type":"ReadAction","target":["https:\/\/xn--prfstelle-varel-0vb.de\/?page_id=118"]}]},{"@type":"BreadcrumbList","@id":"https:\/\/xn--prfstelle-varel-0vb.de\/?page_id=118#breadcrumb","itemListElement":[{"@type":"ListItem","position":1,"name":"Startseite","item":"https:\/\/xn--prfstelle-varel-0vb.de\/"},{"@type":"ListItem","position":2,"name":"\u00c4nderungsabnahme"}]},{"@type":"WebSite","@id":"https:\/\/xn--prfstelle-varel-0vb.de\/#website","url":"https:\/\/xn--prfstelle-varel-0vb.de\/","name":"GT\u00dc Kfz-Pr\u00fcfstelle, Ing.-B\u00fcro Reelf Gerdes","description":"EINFACH und SICHER zur neuen Plakette!","publisher":{"@id":"https:\/\/xn--prfstelle-varel-0vb.de\/#organization"},"potentialAction":[{"@type":"SearchAction","target":{"@type":"EntryPoint","urlTemplate":"https:\/\/xn--prfstelle-varel-0vb.de\/?s={search_term_string}"},"query-input":{"@type":"PropertyValueSpecification","valueRequired":true,"valueName":"search_term_string"}}],"inLanguage":"de"},{"@type":"Organization","@id":"https:\/\/xn--prfstelle-varel-0vb.de\/#organization","name":"GT\u00dc Kfz-Pr\u00fcfstelle","url":"https:\/\/xn--prfstelle-varel-0vb.de\/","logo":{"@type":"ImageObject","inLanguage":"de","@id":"https:\/\/xn--prfstelle-varel-0vb.de\/#\/schema\/logo\/image\/","url":"https:\/\/xn--prfstelle-varel-0vb.de\/wp-content\/uploads\/2021\/04\/cropped-cropped-cropped-IMG_20160307_150246-scaled-2-1-e1617613682540.jpg","contentUrl":"https:\/\/xn--prfstelle-varel-0vb.de\/wp-content\/uploads\/2021\/04\/cropped-cropped-cropped-IMG_20160307_150246-scaled-2-1-e1617613682540.jpg","width":1500,"height":595,"caption":"GT\u00dc Kfz-Pr\u00fcfstelle"},"image":{"@id":"https:\/\/xn--prfstelle-varel-0vb.de\/#\/schema\/logo\/image\/"}}]}},"_links":{"self":[{"href":"https:\/\/xn--prfstelle-varel-0vb.de\/index.php?rest_route=\/wp\/v2\/pages\/118","targetHints":{"allow":["GET"]}}],"collection":[{"href":"https:\/\/xn--prfstelle-varel-0vb.de\/index.php?rest_route=\/wp\/v2\/pages"}],"about":[{"href":"https:\/\/xn--prfstelle-varel-0vb.de\/index.php?rest_route=\/wp\/v2\/types\/page"}],"author":[{"embeddable":true,"href":"https:\/\/xn--prfstelle-varel-0vb.de\/index.php?rest_route=\/wp\/v2\/users\/1"}],"replies":[{"embeddable":true,"href":"https:\/\/xn--prfstelle-varel-0vb.de\/index.php?rest_route=%2Fwp%2Fv2%2Fcomments&post=118"}],"version-history":[{"count":4,"href":"https:\/\/xn--prfstelle-varel-0vb.de\/index.php?rest_route=\/wp\/v2\/pages\/118\/revisions"}],"predecessor-version":[{"id":337,"href":"https:\/\/xn--prfstelle-varel-0vb.de\/index.php?rest_route=\/wp\/v2\/pages\/118\/revisions\/337"}],"wp:attachment":[{"href":"https:\/\/xn--prfstelle-varel-0vb.de\/index.php?rest_route=%2Fwp%2Fv2%2Fmedia&parent=118"}],"curies":[{"name":"wp","href":"https:\/\/api.w.org\/{rel}","templated":true}]}}