{"id":115,"date":"2021-04-05T13:35:29","date_gmt":"2021-04-05T13:35:29","guid":{"rendered":"https:\/\/xn--prfstelle-varel-0vb.de\/?page_id=115"},"modified":"2024-12-23T14:24:41","modified_gmt":"2024-12-23T14:24:41","slug":"hauptuntersuchung","status":"publish","type":"page","link":"https:\/\/xn--prfstelle-varel-0vb.de\/?page_id=115","title":{"rendered":"Hauptuntersuchung"},"content":{"rendered":"\n<h4 class=\"wp-block-heading\"><strong>Wir f\u00fchren die Hauptuntersuchung (HU) nach \u00a7 29 StVZO inklusive &#8222;Abgasuntersuchung&#8220; f\u00fcr Sie durch.<\/strong><\/h4>\n\n\n\n<p>Im&nbsp;Gegensatz zu T\u00dcV NORD und DEKRA sind wir freiberuflich t\u00e4tig und f\u00fchren die Fahrzeuguntersuchungen nach \u00a7 29&nbsp;StVZO im Namen und auf Rechnung der GT\u00dc mbH durch und handeln damit im hoheitlichen Auftrag.<br>&nbsp;<\/p>\n\n\n\n<h4 class=\"wp-block-heading\"><strong>HU-Frist \u00fcberzogen?<\/strong><\/h4>\n\n\n\n<p>Seit dem 1. Juli 2012 wird in keinem Bundesland die Hauptuntersuchung zur\u00fcckdatiert, wenn die Frist zur Vorf\u00fchrung \u00fcberzogen wurde. Darum&nbsp;erhalten die Fahrzeuge bundesweit auch bei \u00fcberzogener HU die volle&nbsp;Plakettenlaufzeit (Pkw und Motorr\u00e4der z.B. 24 Monate). Bei \u00dcberziehen der Vorf\u00fchrung zur Hauptuntersuchung um mehr als zwei Monate muss eine vertiefte Hauptuntersuchung durchgef\u00fchrt werden.<br>&nbsp;<\/p>\n\n\n\n<h4 class=\"wp-block-heading\"><strong>Tipp: Wie lese ich die HU-Plakette?<\/strong><\/h4>\n\n\n\n<p>Damit Sie nicht irgendwann eine M\u00e4ngelkarte hinter den&nbsp;Scheibenwischern Ihres Fahrzeugs vorfinden, achten Sie auf die Daten, die Ihnen die Pr\u00fcfplakette auf dem hinteren Kennzeichen anzeigt. Darauf&nbsp;zu erkennen ist der Monat und das Jahr in dem die Durchf\u00fchrung der n\u00e4chsten Hauptuntersuchung erforderlich ist. Die Farbe gibt zus\u00e4tzlich nochmals Aufschluss \u00fcber das Jahr der F\u00e4lligkeit.<\/p>\n\n\n\n<figure class=\"wp-block-image size-full is-resized\"><img loading=\"lazy\" decoding=\"async\" width=\"575\" height=\"511\" src=\"https:\/\/xn--prfstelle-varel-0vb.de\/wp-content\/uploads\/2024\/12\/HU-Plakette_Pfeile.png\" alt=\"\" class=\"wp-image-295\" style=\"width:209px;height:auto\" srcset=\"https:\/\/xn--prfstelle-varel-0vb.de\/wp-content\/uploads\/2024\/12\/HU-Plakette_Pfeile.png 575w, https:\/\/xn--prfstelle-varel-0vb.de\/wp-content\/uploads\/2024\/12\/HU-Plakette_Pfeile-300x267.png 300w\" sizes=\"auto, (max-width: 575px) 100vw, 575px\" \/><\/figure>\n\n\n\n<p>Die Abfolge der Farben wiederholt sich alle sechs Jahre.<\/p>\n\n\n\n<figure class=\"wp-block-image size-large is-resized\"><img loading=\"lazy\" decoding=\"async\" width=\"1024\" height=\"335\" src=\"https:\/\/xn--prfstelle-varel-0vb.de\/wp-content\/uploads\/2024\/12\/HU-Plaketten_2025-2030_kroe-1024x335.png\" alt=\"\" class=\"wp-image-297\" style=\"width:518px;height:auto\" srcset=\"https:\/\/xn--prfstelle-varel-0vb.de\/wp-content\/uploads\/2024\/12\/HU-Plaketten_2025-2030_kroe-1024x335.png 1024w, https:\/\/xn--prfstelle-varel-0vb.de\/wp-content\/uploads\/2024\/12\/HU-Plaketten_2025-2030_kroe-300x98.png 300w, https:\/\/xn--prfstelle-varel-0vb.de\/wp-content\/uploads\/2024\/12\/HU-Plaketten_2025-2030_kroe-768x252.png 768w, https:\/\/xn--prfstelle-varel-0vb.de\/wp-content\/uploads\/2024\/12\/HU-Plaketten_2025-2030_kroe-1536x503.png 1536w, https:\/\/xn--prfstelle-varel-0vb.de\/wp-content\/uploads\/2024\/12\/HU-Plaketten_2025-2030_kroe-2048x671.png 2048w\" sizes=\"auto, (max-width: 1024px) 100vw, 1024px\" \/><\/figure>\n\n\n\n<p><strong>Vorsicht bei Frist\u00fcberziehung!<\/strong><br>Achten Sie auf den Ablaufmonat Ihrer Pr\u00fcfplakette; \u00dcberziehen kann teuer werden, denn es droht ein&nbsp;Verwarnungs- oder Bu\u00dfgeld.<br>&nbsp;<\/p>\n\n\n\n<h4 class=\"wp-block-heading\"><strong>Nachweis einer Hauptuntersuchung ersetzt aufw\u00e4ndiges Vollgutachten<\/strong><\/h4>\n\n\n\n<p>Mit der &#8222;Neuordnung des Rechts der Zulassung von Fahrzeugen zum&nbsp;Stra\u00dfenverkehr&#8220; hat die Bundesregierung das &#8222;Pr\u00fcf- und&nbsp;Zulassungsverfahren von Fahrzeugen im Stra\u00dfenverkehr&#8220; vereinfacht und&nbsp;beschleunigt. Damit k\u00f6nnen nun auch die Pr\u00fcfingenieure der GT\u00dc mbH (neben&nbsp;Pr\u00fcforganisationen wie T\u00dcV NORD oder DEKRA) Fahrzeuge, die l\u00e4nger als 18 Monate abgemeldet waren, im Rahmen einer Hauptuntersuchung gem\u00e4\u00df \u00a7 29&nbsp;StVZO (HU) pr\u00fcfen. Dies gilt auch f\u00fcr Fahrzeuge, die bereits vor dem 1.&nbsp;M\u00e4rz 2007 stillgelegt wurden. Damit ist der Weg frei f\u00fcr eine&nbsp;Wiederzulassung &#8211; ohne aufw\u00e4ndiges &#8222;Vollgutachten&#8220;. Durch diese neue Regelung, die seit dem 1. M\u00e4rz 2007 gilt, wird unn\u00f6tiger Aufwand&nbsp;vermieden, Kosten gespart und mehr B\u00fcrgern\u00e4he praktiziert. Au\u00dferdem kann die Wahl der Pr\u00fcforganisation nun frei erfolgen.<\/p>\n\n\n\n<p><\/p>\n","protected":false},"excerpt":{"rendered":"<p>Wir f\u00fchren die Hauptuntersuchung (HU) nach \u00a7 29 StVZO inklusive &#8222;Abgasuntersuchung&#8220; f\u00fcr Sie durch. Im&nbsp;Gegensatz zu T\u00dcV NORD und DEKRA sind wir freiberuflich t\u00e4tig und f\u00fchren die Fahrzeuguntersuchungen nach \u00a7 29&nbsp;StVZO im Namen und auf Rechnung der GT\u00dc mbH durch und handeln damit im hoheitlichen Auftrag.&nbsp; HU-Frist \u00fcberzogen? Seit dem 1. Juli 2012 wird in [&hellip;]<\/p>\n","protected":false},"author":1,"featured_media":0,"parent":0,"menu_order":0,"comment_status":"closed","ping_status":"closed","template":"","meta":{"footnotes":""},"class_list":["post-115","page","type-page","status-publish","hentry"],"yoast_head":"<!-- This site is optimized with the Yoast SEO plugin v26.8 - https:\/\/yoast.com\/product\/yoast-seo-wordpress\/ -->\n<title>Hauptuntersuchung - GT\u00dc Kfz-Pr\u00fcfstelle, Ing.-B\u00fcro Reelf Gerdes<\/title>\n<meta name=\"description\" content=\"Wir f\u00fchren die Hauptuntersuchung (HU) nach \u00a7 29 StVZO inklusive &quot;Abgasuntersuchung&quot; f\u00fcr Sie durch. Im Gegensatz zu T\u00dcV NORD und DEKRA sind wir freiberuflich t\u00e4tig und f\u00fchren die Fahrzeuguntersuchungen nach \u00a7 29 StVZO im Namen und auf Rechnung der GT\u00dc mbH durch und handeln damit im hoheitlichen Auftrag.\" \/>\n<meta name=\"robots\" content=\"index, follow, max-snippet:-1, max-image-preview:large, max-video-preview:-1\" \/>\n<link rel=\"canonical\" href=\"https:\/\/xn--prfstelle-varel-0vb.de\/?page_id=115\" \/>\n<meta property=\"og:locale\" content=\"de_DE\" \/>\n<meta property=\"og:type\" content=\"article\" \/>\n<meta property=\"og:title\" content=\"Hauptuntersuchung - GT\u00dc Kfz-Pr\u00fcfstelle, Ing.-B\u00fcro Reelf Gerdes\" \/>\n<meta property=\"og:description\" content=\"Wir f\u00fchren die Hauptuntersuchung (HU) nach \u00a7 29 StVZO inklusive &quot;Abgasuntersuchung&quot; f\u00fcr Sie durch. Im Gegensatz zu T\u00dcV NORD und DEKRA sind wir freiberuflich t\u00e4tig und f\u00fchren die Fahrzeuguntersuchungen nach \u00a7 29 StVZO im Namen und auf Rechnung der GT\u00dc mbH durch und handeln damit im hoheitlichen Auftrag.\" \/>\n<meta property=\"og:url\" content=\"https:\/\/xn--prfstelle-varel-0vb.de\/?page_id=115\" \/>\n<meta property=\"og:site_name\" content=\"GT\u00dc Kfz-Pr\u00fcfstelle, Ing.-B\u00fcro Reelf Gerdes\" \/>\n<meta property=\"article:modified_time\" content=\"2024-12-23T14:24:41+00:00\" \/>\n<meta property=\"og:image\" content=\"https:\/\/xn--prfstelle-varel-0vb.de\/wp-content\/uploads\/2024\/12\/HU-Plakette_Pfeile.png\" \/>\n\t<meta property=\"og:image:width\" content=\"575\" \/>\n\t<meta property=\"og:image:height\" content=\"511\" \/>\n\t<meta property=\"og:image:type\" content=\"image\/png\" \/>\n<meta name=\"twitter:card\" content=\"summary_large_image\" \/>\n<meta name=\"twitter:label1\" content=\"Gesch\u00e4tzte Lesezeit\" \/>\n\t<meta name=\"twitter:data1\" content=\"3\u00a0Minuten\" \/>\n<script type=\"application\/ld+json\" class=\"yoast-schema-graph\">{\"@context\":\"https:\/\/schema.org\",\"@graph\":[{\"@type\":\"WebPage\",\"@id\":\"https:\/\/xn--prfstelle-varel-0vb.de\/?page_id=115\",\"url\":\"https:\/\/xn--prfstelle-varel-0vb.de\/?page_id=115\",\"name\":\"Hauptuntersuchung - GT\u00dc Kfz-Pr\u00fcfstelle, Ing.-B\u00fcro Reelf Gerdes\",\"isPartOf\":{\"@id\":\"https:\/\/xn--prfstelle-varel-0vb.de\/#website\"},\"primaryImageOfPage\":{\"@id\":\"https:\/\/xn--prfstelle-varel-0vb.de\/?page_id=115#primaryimage\"},\"image\":{\"@id\":\"https:\/\/xn--prfstelle-varel-0vb.de\/?page_id=115#primaryimage\"},\"thumbnailUrl\":\"https:\/\/xn--prfstelle-varel-0vb.de\/wp-content\/uploads\/2024\/12\/HU-Plakette_Pfeile.png\",\"datePublished\":\"2021-04-05T13:35:29+00:00\",\"dateModified\":\"2024-12-23T14:24:41+00:00\",\"description\":\"Wir f\u00fchren die Hauptuntersuchung (HU) nach \u00a7 29 StVZO inklusive \\\"Abgasuntersuchung\\\" f\u00fcr Sie durch. Im Gegensatz zu T\u00dcV NORD und DEKRA sind wir freiberuflich t\u00e4tig und f\u00fchren die Fahrzeuguntersuchungen nach \u00a7 29 StVZO im Namen und auf Rechnung der GT\u00dc mbH durch und handeln damit im hoheitlichen Auftrag.\",\"breadcrumb\":{\"@id\":\"https:\/\/xn--prfstelle-varel-0vb.de\/?page_id=115#breadcrumb\"},\"inLanguage\":\"de\",\"potentialAction\":[{\"@type\":\"ReadAction\",\"target\":[\"https:\/\/xn--prfstelle-varel-0vb.de\/?page_id=115\"]}]},{\"@type\":\"ImageObject\",\"inLanguage\":\"de\",\"@id\":\"https:\/\/xn--prfstelle-varel-0vb.de\/?page_id=115#primaryimage\",\"url\":\"https:\/\/xn--prfstelle-varel-0vb.de\/wp-content\/uploads\/2024\/12\/HU-Plakette_Pfeile.png\",\"contentUrl\":\"https:\/\/xn--prfstelle-varel-0vb.de\/wp-content\/uploads\/2024\/12\/HU-Plakette_Pfeile.png\",\"width\":575,\"height\":511},{\"@type\":\"BreadcrumbList\",\"@id\":\"https:\/\/xn--prfstelle-varel-0vb.de\/?page_id=115#breadcrumb\",\"itemListElement\":[{\"@type\":\"ListItem\",\"position\":1,\"name\":\"Startseite\",\"item\":\"https:\/\/xn--prfstelle-varel-0vb.de\/\"},{\"@type\":\"ListItem\",\"position\":2,\"name\":\"Hauptuntersuchung\"}]},{\"@type\":\"WebSite\",\"@id\":\"https:\/\/xn--prfstelle-varel-0vb.de\/#website\",\"url\":\"https:\/\/xn--prfstelle-varel-0vb.de\/\",\"name\":\"GT\u00dc Kfz-Pr\u00fcfstelle, Ing.-B\u00fcro Reelf Gerdes\",\"description\":\"EINFACH und SICHER zur neuen Plakette!\",\"publisher\":{\"@id\":\"https:\/\/xn--prfstelle-varel-0vb.de\/#organization\"},\"potentialAction\":[{\"@type\":\"SearchAction\",\"target\":{\"@type\":\"EntryPoint\",\"urlTemplate\":\"https:\/\/xn--prfstelle-varel-0vb.de\/?s={search_term_string}\"},\"query-input\":{\"@type\":\"PropertyValueSpecification\",\"valueRequired\":true,\"valueName\":\"search_term_string\"}}],\"inLanguage\":\"de\"},{\"@type\":\"Organization\",\"@id\":\"https:\/\/xn--prfstelle-varel-0vb.de\/#organization\",\"name\":\"GT\u00dc Kfz-Pr\u00fcfstelle\",\"url\":\"https:\/\/xn--prfstelle-varel-0vb.de\/\",\"logo\":{\"@type\":\"ImageObject\",\"inLanguage\":\"de\",\"@id\":\"https:\/\/xn--prfstelle-varel-0vb.de\/#\/schema\/logo\/image\/\",\"url\":\"https:\/\/xn--prfstelle-varel-0vb.de\/wp-content\/uploads\/2021\/04\/cropped-cropped-cropped-IMG_20160307_150246-scaled-2-1-e1617613682540.jpg\",\"contentUrl\":\"https:\/\/xn--prfstelle-varel-0vb.de\/wp-content\/uploads\/2021\/04\/cropped-cropped-cropped-IMG_20160307_150246-scaled-2-1-e1617613682540.jpg\",\"width\":1500,\"height\":595,\"caption\":\"GT\u00dc Kfz-Pr\u00fcfstelle\"},\"image\":{\"@id\":\"https:\/\/xn--prfstelle-varel-0vb.de\/#\/schema\/logo\/image\/\"}}]}<\/script>\n<!-- \/ Yoast SEO plugin. -->","yoast_head_json":{"title":"Hauptuntersuchung - GT\u00dc Kfz-Pr\u00fcfstelle, Ing.-B\u00fcro Reelf Gerdes","description":"Wir f\u00fchren die Hauptuntersuchung (HU) nach \u00a7 29 StVZO inklusive \"Abgasuntersuchung\" f\u00fcr Sie durch. Im Gegensatz zu T\u00dcV NORD und DEKRA sind wir freiberuflich t\u00e4tig und f\u00fchren die Fahrzeuguntersuchungen nach \u00a7 29 StVZO im Namen und auf Rechnung der GT\u00dc mbH durch und handeln damit im hoheitlichen Auftrag.","robots":{"index":"index","follow":"follow","max-snippet":"max-snippet:-1","max-image-preview":"max-image-preview:large","max-video-preview":"max-video-preview:-1"},"canonical":"https:\/\/xn--prfstelle-varel-0vb.de\/?page_id=115","og_locale":"de_DE","og_type":"article","og_title":"Hauptuntersuchung - GT\u00dc Kfz-Pr\u00fcfstelle, Ing.-B\u00fcro Reelf Gerdes","og_description":"Wir f\u00fchren die Hauptuntersuchung (HU) nach \u00a7 29 StVZO inklusive \"Abgasuntersuchung\" f\u00fcr Sie durch. Im Gegensatz zu T\u00dcV NORD und DEKRA sind wir freiberuflich t\u00e4tig und f\u00fchren die Fahrzeuguntersuchungen nach \u00a7 29 StVZO im Namen und auf Rechnung der GT\u00dc mbH durch und handeln damit im hoheitlichen Auftrag.","og_url":"https:\/\/xn--prfstelle-varel-0vb.de\/?page_id=115","og_site_name":"GT\u00dc Kfz-Pr\u00fcfstelle, Ing.-B\u00fcro Reelf Gerdes","article_modified_time":"2024-12-23T14:24:41+00:00","og_image":[{"width":575,"height":511,"url":"https:\/\/xn--prfstelle-varel-0vb.de\/wp-content\/uploads\/2024\/12\/HU-Plakette_Pfeile.png","type":"image\/png"}],"twitter_card":"summary_large_image","twitter_misc":{"Gesch\u00e4tzte Lesezeit":"3\u00a0Minuten"},"schema":{"@context":"https:\/\/schema.org","@graph":[{"@type":"WebPage","@id":"https:\/\/xn--prfstelle-varel-0vb.de\/?page_id=115","url":"https:\/\/xn--prfstelle-varel-0vb.de\/?page_id=115","name":"Hauptuntersuchung - GT\u00dc Kfz-Pr\u00fcfstelle, Ing.-B\u00fcro Reelf Gerdes","isPartOf":{"@id":"https:\/\/xn--prfstelle-varel-0vb.de\/#website"},"primaryImageOfPage":{"@id":"https:\/\/xn--prfstelle-varel-0vb.de\/?page_id=115#primaryimage"},"image":{"@id":"https:\/\/xn--prfstelle-varel-0vb.de\/?page_id=115#primaryimage"},"thumbnailUrl":"https:\/\/xn--prfstelle-varel-0vb.de\/wp-content\/uploads\/2024\/12\/HU-Plakette_Pfeile.png","datePublished":"2021-04-05T13:35:29+00:00","dateModified":"2024-12-23T14:24:41+00:00","description":"Wir f\u00fchren die Hauptuntersuchung (HU) nach \u00a7 29 StVZO inklusive \"Abgasuntersuchung\" f\u00fcr Sie durch. Im Gegensatz zu T\u00dcV NORD und DEKRA sind wir freiberuflich t\u00e4tig und f\u00fchren die Fahrzeuguntersuchungen nach \u00a7 29 StVZO im Namen und auf Rechnung der GT\u00dc mbH durch und handeln damit im hoheitlichen Auftrag.","breadcrumb":{"@id":"https:\/\/xn--prfstelle-varel-0vb.de\/?page_id=115#breadcrumb"},"inLanguage":"de","potentialAction":[{"@type":"ReadAction","target":["https:\/\/xn--prfstelle-varel-0vb.de\/?page_id=115"]}]},{"@type":"ImageObject","inLanguage":"de","@id":"https:\/\/xn--prfstelle-varel-0vb.de\/?page_id=115#primaryimage","url":"https:\/\/xn--prfstelle-varel-0vb.de\/wp-content\/uploads\/2024\/12\/HU-Plakette_Pfeile.png","contentUrl":"https:\/\/xn--prfstelle-varel-0vb.de\/wp-content\/uploads\/2024\/12\/HU-Plakette_Pfeile.png","width":575,"height":511},{"@type":"BreadcrumbList","@id":"https:\/\/xn--prfstelle-varel-0vb.de\/?page_id=115#breadcrumb","itemListElement":[{"@type":"ListItem","position":1,"name":"Startseite","item":"https:\/\/xn--prfstelle-varel-0vb.de\/"},{"@type":"ListItem","position":2,"name":"Hauptuntersuchung"}]},{"@type":"WebSite","@id":"https:\/\/xn--prfstelle-varel-0vb.de\/#website","url":"https:\/\/xn--prfstelle-varel-0vb.de\/","name":"GT\u00dc Kfz-Pr\u00fcfstelle, Ing.-B\u00fcro Reelf Gerdes","description":"EINFACH und SICHER zur neuen Plakette!","publisher":{"@id":"https:\/\/xn--prfstelle-varel-0vb.de\/#organization"},"potentialAction":[{"@type":"SearchAction","target":{"@type":"EntryPoint","urlTemplate":"https:\/\/xn--prfstelle-varel-0vb.de\/?s={search_term_string}"},"query-input":{"@type":"PropertyValueSpecification","valueRequired":true,"valueName":"search_term_string"}}],"inLanguage":"de"},{"@type":"Organization","@id":"https:\/\/xn--prfstelle-varel-0vb.de\/#organization","name":"GT\u00dc Kfz-Pr\u00fcfstelle","url":"https:\/\/xn--prfstelle-varel-0vb.de\/","logo":{"@type":"ImageObject","inLanguage":"de","@id":"https:\/\/xn--prfstelle-varel-0vb.de\/#\/schema\/logo\/image\/","url":"https:\/\/xn--prfstelle-varel-0vb.de\/wp-content\/uploads\/2021\/04\/cropped-cropped-cropped-IMG_20160307_150246-scaled-2-1-e1617613682540.jpg","contentUrl":"https:\/\/xn--prfstelle-varel-0vb.de\/wp-content\/uploads\/2021\/04\/cropped-cropped-cropped-IMG_20160307_150246-scaled-2-1-e1617613682540.jpg","width":1500,"height":595,"caption":"GT\u00dc Kfz-Pr\u00fcfstelle"},"image":{"@id":"https:\/\/xn--prfstelle-varel-0vb.de\/#\/schema\/logo\/image\/"}}]}},"_links":{"self":[{"href":"https:\/\/xn--prfstelle-varel-0vb.de\/index.php?rest_route=\/wp\/v2\/pages\/115","targetHints":{"allow":["GET"]}}],"collection":[{"href":"https:\/\/xn--prfstelle-varel-0vb.de\/index.php?rest_route=\/wp\/v2\/pages"}],"about":[{"href":"https:\/\/xn--prfstelle-varel-0vb.de\/index.php?rest_route=\/wp\/v2\/types\/page"}],"author":[{"embeddable":true,"href":"https:\/\/xn--prfstelle-varel-0vb.de\/index.php?rest_route=\/wp\/v2\/users\/1"}],"replies":[{"embeddable":true,"href":"https:\/\/xn--prfstelle-varel-0vb.de\/index.php?rest_route=%2Fwp%2Fv2%2Fcomments&post=115"}],"version-history":[{"count":7,"href":"https:\/\/xn--prfstelle-varel-0vb.de\/index.php?rest_route=\/wp\/v2\/pages\/115\/revisions"}],"predecessor-version":[{"id":305,"href":"https:\/\/xn--prfstelle-varel-0vb.de\/index.php?rest_route=\/wp\/v2\/pages\/115\/revisions\/305"}],"wp:attachment":[{"href":"https:\/\/xn--prfstelle-varel-0vb.de\/index.php?rest_route=%2Fwp%2Fv2%2Fmedia&parent=115"}],"curies":[{"name":"wp","href":"https:\/\/api.w.org\/{rel}","templated":true}]}}